{"id":13259,"date":"2024-01-28T10:23:01","date_gmt":"2024-01-28T08:23:01","guid":{"rendered":"https:\/\/canmarles.com\/?post_type=product&#038;p=13259"},"modified":"2025-03-19T23:39:29","modified_gmt":"2025-03-19T21:39:29","slug":"guidai-copy","status":"publish","type":"product","link":"https:\/\/canmarles.com\/ca\/productes\/vins\/rosats\/guidai-copy\/","title":{"rendered":"Guida\u00ed"},"content":{"rendered":"","protected":false},"excerpt":{"rendered":"<p><strong>Tipus:<\/strong> Rosat Ecol\u00f2gic<br \/>\n<strong>Varietat:<\/strong> 100% Ull de llebre<br \/>\n<strong>Anyada:<\/strong> 2022<br \/>\n<strong>Grau alcoh\u00f2lic:<\/strong> 11,5%<br \/>\n<strong>Quantitat:<\/strong> 75cl<\/p>\n","protected":false},"featured_media":15641,"template":"","meta":[],"product_brand":[],"product_cat":[78],"product_tag":[],"class_list":{"0":"post-13259","1":"product","2":"type-product","3":"status-publish","4":"has-post-thumbnail","6":"product_cat-rosats","8":"first","9":"instock","10":"taxable","11":"shipping-taxable","12":"purchasable","13":"product-type-simple"},"yoast_head":"<!-- This site is optimized with the Yoast SEO plugin v27.3 - https:\/\/yoast.com\/product\/yoast-seo-wordpress\/ -->\n<title>Guida\u00ed - Can Marl\u00e8s<\/title>\n<meta name=\"robots\" content=\"index, follow, max-snippet:-1, max-image-preview:large, max-video-preview:-1\" \/>\n<link rel=\"canonical\" href=\"https:\/\/canmarles.com\/ca\/productes\/vins\/rosats\/guidai-copy\/\" \/>\n<meta property=\"og:locale\" content=\"ca_ES\" \/>\n<meta property=\"og:type\" content=\"article\" \/>\n<meta property=\"og:title\" content=\"Guida\u00ed - Can Marl\u00e8s\" \/>\n<meta property=\"og:description\" content=\"Tipus: Rosat Ecol\u00f2gic Varietat: 100% Ull de llebre Anyada: 2022 Grau alcoh\u00f2lic: 11,5% Quantitat: 75cl\" \/>\n<meta property=\"og:url\" content=\"https:\/\/canmarles.com\/ca\/productes\/vins\/rosats\/guidai-copy\/\" \/>\n<meta property=\"og:site_name\" content=\"Can Marl\u00e8s\" \/>\n<meta property=\"article:publisher\" content=\"https:\/\/www.facebook.com\/bodegacanmarles\/\" \/>\n<meta property=\"article:modified_time\" content=\"2025-03-19T21:39:29+00:00\" \/>\n<meta property=\"og:image\" content=\"https:\/\/i0.wp.com\/canmarles.com\/wp-content\/uploads\/new_producto_vino_guidai.png?fit=1500%2C1500&ssl=1\" \/>\n\t<meta property=\"og:image:width\" content=\"1500\" \/>\n\t<meta property=\"og:image:height\" content=\"1500\" \/>\n\t<meta property=\"og:image:type\" content=\"image\/png\" \/>\n<meta name=\"twitter:card\" content=\"summary_large_image\" \/>\n<meta name=\"twitter:site\" content=\"@bodegacanmarles\" \/>\n<meta name=\"twitter:label1\" content=\"Temps estimat de lectura\" \/>\n\t<meta name=\"twitter:data1\" content=\"1 minut\" \/>\n<script type=\"application\/ld+json\" class=\"yoast-schema-graph\">{\"@context\":\"https:\\\/\\\/schema.org\",\"@graph\":[{\"@type\":\"WebPage\",\"@id\":\"https:\\\/\\\/canmarles.com\\\/ca\\\/productes\\\/vins\\\/rosats\\\/guidai-copy\\\/\",\"url\":\"https:\\\/\\\/canmarles.com\\\/ca\\\/productes\\\/vins\\\/rosats\\\/guidai-copy\\\/\",\"name\":\"Guida\u00ed - Can Marl\u00e8s\",\"isPartOf\":{\"@id\":\"https:\\\/\\\/canmarles.com\\\/ca\\\/#website\"},\"primaryImageOfPage\":{\"@id\":\"https:\\\/\\\/canmarles.com\\\/ca\\\/productes\\\/vins\\\/rosats\\\/guidai-copy\\\/#primaryimage\"},\"image\":{\"@id\":\"https:\\\/\\\/canmarles.com\\\/ca\\\/productes\\\/vins\\\/rosats\\\/guidai-copy\\\/#primaryimage\"},\"thumbnailUrl\":\"https:\\\/\\\/i0.wp.com\\\/canmarles.com\\\/wp-content\\\/uploads\\\/producto_vino_guidai-2022.png?fit=1500%2C1500&ssl=1\",\"datePublished\":\"2024-01-28T08:23:01+00:00\",\"dateModified\":\"2025-03-19T21:39:29+00:00\",\"breadcrumb\":{\"@id\":\"https:\\\/\\\/canmarles.com\\\/ca\\\/productes\\\/vins\\\/rosats\\\/guidai-copy\\\/#breadcrumb\"},\"inLanguage\":\"ca\",\"potentialAction\":[{\"@type\":\"ReadAction\",\"target\":[\"https:\\\/\\\/canmarles.com\\\/ca\\\/productes\\\/vins\\\/rosats\\\/guidai-copy\\\/\"]}]},{\"@type\":\"ImageObject\",\"inLanguage\":\"ca\",\"@id\":\"https:\\\/\\\/canmarles.com\\\/ca\\\/productes\\\/vins\\\/rosats\\\/guidai-copy\\\/#primaryimage\",\"url\":\"https:\\\/\\\/i0.wp.com\\\/canmarles.com\\\/wp-content\\\/uploads\\\/producto_vino_guidai-2022.png?fit=1500%2C1500&ssl=1\",\"contentUrl\":\"https:\\\/\\\/i0.wp.com\\\/canmarles.com\\\/wp-content\\\/uploads\\\/producto_vino_guidai-2022.png?fit=1500%2C1500&ssl=1\",\"width\":1500,\"height\":1500},{\"@type\":\"BreadcrumbList\",\"@id\":\"https:\\\/\\\/canmarles.com\\\/ca\\\/productes\\\/vins\\\/rosats\\\/guidai-copy\\\/#breadcrumb\",\"itemListElement\":[{\"@type\":\"ListItem\",\"position\":1,\"name\":\"Portada\",\"item\":\"https:\\\/\\\/canmarles.com\\\/ca\\\/inici\\\/\"},{\"@type\":\"ListItem\",\"position\":2,\"name\":\"Botiga\",\"item\":\"https:\\\/\\\/canmarles.com\\\/productos\\\/\"},{\"@type\":\"ListItem\",\"position\":3,\"name\":\"Guida\u00ed\"}]},{\"@type\":\"WebSite\",\"@id\":\"https:\\\/\\\/canmarles.com\\\/ca\\\/#website\",\"url\":\"https:\\\/\\\/canmarles.com\\\/ca\\\/\",\"name\":\"Can Marl\u00e8s\",\"description\":\"Celler i Enoturisme\",\"publisher\":{\"@id\":\"https:\\\/\\\/canmarles.com\\\/ca\\\/#organization\"},\"potentialAction\":[{\"@type\":\"SearchAction\",\"target\":{\"@type\":\"EntryPoint\",\"urlTemplate\":\"https:\\\/\\\/canmarles.com\\\/ca\\\/?s={search_term_string}\"},\"query-input\":{\"@type\":\"PropertyValueSpecification\",\"valueRequired\":true,\"valueName\":\"search_term_string\"}}],\"inLanguage\":\"ca\"},{\"@type\":\"Organization\",\"@id\":\"https:\\\/\\\/canmarles.com\\\/ca\\\/#organization\",\"name\":\"Can Marl\u00e8s\",\"url\":\"https:\\\/\\\/canmarles.com\\\/ca\\\/\",\"logo\":{\"@type\":\"ImageObject\",\"inLanguage\":\"ca\",\"@id\":\"https:\\\/\\\/canmarles.com\\\/ca\\\/#\\\/schema\\\/logo\\\/image\\\/\",\"url\":\"https:\\\/\\\/canmarles.com\\\/wp-content\\\/uploads\\\/2020\\\/03\\\/logoHeader_Big-e1583925821624.png\",\"contentUrl\":\"https:\\\/\\\/canmarles.com\\\/wp-content\\\/uploads\\\/2020\\\/03\\\/logoHeader_Big-e1583925821624.png\",\"width\":251,\"height\":35,\"caption\":\"Can Marl\u00e8s\"},\"image\":{\"@id\":\"https:\\\/\\\/canmarles.com\\\/ca\\\/#\\\/schema\\\/logo\\\/image\\\/\"},\"sameAs\":[\"https:\\\/\\\/www.facebook.com\\\/bodegacanmarles\\\/\",\"https:\\\/\\\/x.com\\\/bodegacanmarles\",\"https:\\\/\\\/www.instagram.com\\\/bodegacanmarles\\\/\"]}]}<\/script>\n<!-- \/ Yoast SEO plugin. -->","yoast_head_json":{"title":"Guida\u00ed - Can Marl\u00e8s","robots":{"index":"index","follow":"follow","max-snippet":"max-snippet:-1","max-image-preview":"max-image-preview:large","max-video-preview":"max-video-preview:-1"},"canonical":"https:\/\/canmarles.com\/ca\/productes\/vins\/rosats\/guidai-copy\/","og_locale":"ca_ES","og_type":"article","og_title":"Guida\u00ed - Can Marl\u00e8s","og_description":"Tipus: Rosat Ecol\u00f2gic Varietat: 100% Ull de llebre Anyada: 2022 Grau alcoh\u00f2lic: 11,5% Quantitat: 75cl","og_url":"https:\/\/canmarles.com\/ca\/productes\/vins\/rosats\/guidai-copy\/","og_site_name":"Can Marl\u00e8s","article_publisher":"https:\/\/www.facebook.com\/bodegacanmarles\/","article_modified_time":"2025-03-19T21:39:29+00:00","og_image":[{"width":1500,"height":1500,"url":"https:\/\/i0.wp.com\/canmarles.com\/wp-content\/uploads\/new_producto_vino_guidai.png?fit=1500%2C1500&ssl=1","type":"image\/png"}],"twitter_card":"summary_large_image","twitter_site":"@bodegacanmarles","twitter_misc":{"Temps estimat de lectura":"1 minut"},"schema":{"@context":"https:\/\/schema.org","@graph":[{"@type":"WebPage","@id":"https:\/\/canmarles.com\/ca\/productes\/vins\/rosats\/guidai-copy\/","url":"https:\/\/canmarles.com\/ca\/productes\/vins\/rosats\/guidai-copy\/","name":"Guida\u00ed - Can Marl\u00e8s","isPartOf":{"@id":"https:\/\/canmarles.com\/ca\/#website"},"primaryImageOfPage":{"@id":"https:\/\/canmarles.com\/ca\/productes\/vins\/rosats\/guidai-copy\/#primaryimage"},"image":{"@id":"https:\/\/canmarles.com\/ca\/productes\/vins\/rosats\/guidai-copy\/#primaryimage"},"thumbnailUrl":"https:\/\/i0.wp.com\/canmarles.com\/wp-content\/uploads\/producto_vino_guidai-2022.png?fit=1500%2C1500&ssl=1","datePublished":"2024-01-28T08:23:01+00:00","dateModified":"2025-03-19T21:39:29+00:00","breadcrumb":{"@id":"https:\/\/canmarles.com\/ca\/productes\/vins\/rosats\/guidai-copy\/#breadcrumb"},"inLanguage":"ca","potentialAction":[{"@type":"ReadAction","target":["https:\/\/canmarles.com\/ca\/productes\/vins\/rosats\/guidai-copy\/"]}]},{"@type":"ImageObject","inLanguage":"ca","@id":"https:\/\/canmarles.com\/ca\/productes\/vins\/rosats\/guidai-copy\/#primaryimage","url":"https:\/\/i0.wp.com\/canmarles.com\/wp-content\/uploads\/producto_vino_guidai-2022.png?fit=1500%2C1500&ssl=1","contentUrl":"https:\/\/i0.wp.com\/canmarles.com\/wp-content\/uploads\/producto_vino_guidai-2022.png?fit=1500%2C1500&ssl=1","width":1500,"height":1500},{"@type":"BreadcrumbList","@id":"https:\/\/canmarles.com\/ca\/productes\/vins\/rosats\/guidai-copy\/#breadcrumb","itemListElement":[{"@type":"ListItem","position":1,"name":"Portada","item":"https:\/\/canmarles.com\/ca\/inici\/"},{"@type":"ListItem","position":2,"name":"Botiga","item":"https:\/\/canmarles.com\/productos\/"},{"@type":"ListItem","position":3,"name":"Guida\u00ed"}]},{"@type":"WebSite","@id":"https:\/\/canmarles.com\/ca\/#website","url":"https:\/\/canmarles.com\/ca\/","name":"Can Marl\u00e8s","description":"Celler i Enoturisme","publisher":{"@id":"https:\/\/canmarles.com\/ca\/#organization"},"potentialAction":[{"@type":"SearchAction","target":{"@type":"EntryPoint","urlTemplate":"https:\/\/canmarles.com\/ca\/?s={search_term_string}"},"query-input":{"@type":"PropertyValueSpecification","valueRequired":true,"valueName":"search_term_string"}}],"inLanguage":"ca"},{"@type":"Organization","@id":"https:\/\/canmarles.com\/ca\/#organization","name":"Can Marl\u00e8s","url":"https:\/\/canmarles.com\/ca\/","logo":{"@type":"ImageObject","inLanguage":"ca","@id":"https:\/\/canmarles.com\/ca\/#\/schema\/logo\/image\/","url":"https:\/\/canmarles.com\/wp-content\/uploads\/2020\/03\/logoHeader_Big-e1583925821624.png","contentUrl":"https:\/\/canmarles.com\/wp-content\/uploads\/2020\/03\/logoHeader_Big-e1583925821624.png","width":251,"height":35,"caption":"Can Marl\u00e8s"},"image":{"@id":"https:\/\/canmarles.com\/ca\/#\/schema\/logo\/image\/"},"sameAs":["https:\/\/www.facebook.com\/bodegacanmarles\/","https:\/\/x.com\/bodegacanmarles","https:\/\/www.instagram.com\/bodegacanmarles\/"]}]}},"jetpack_sharing_enabled":true,"_links":{"self":[{"href":"https:\/\/canmarles.com\/ca\/wp-json\/wp\/v2\/product\/13259","targetHints":{"allow":["GET"]}}],"collection":[{"href":"https:\/\/canmarles.com\/ca\/wp-json\/wp\/v2\/product"}],"about":[{"href":"https:\/\/canmarles.com\/ca\/wp-json\/wp\/v2\/types\/product"}],"wp:featuredmedia":[{"embeddable":true,"href":"https:\/\/canmarles.com\/ca\/wp-json\/wp\/v2\/media\/15641"}],"wp:attachment":[{"href":"https:\/\/canmarles.com\/ca\/wp-json\/wp\/v2\/media?parent=13259"}],"wp:term":[{"taxonomy":"product_brand","embeddable":true,"href":"https:\/\/canmarles.com\/ca\/wp-json\/wp\/v2\/product_brand?post=13259"},{"taxonomy":"product_cat","embeddable":true,"href":"https:\/\/canmarles.com\/ca\/wp-json\/wp\/v2\/product_cat?post=13259"},{"taxonomy":"product_tag","embeddable":true,"href":"https:\/\/canmarles.com\/ca\/wp-json\/wp\/v2\/product_tag?post=13259"}],"curies":[{"name":"wp","href":"https:\/\/api.w.org\/{rel}","templated":true}]}}