{"id":11446,"date":"2023-07-15T12:18:29","date_gmt":"2023-07-15T10:18:29","guid":{"rendered":"https:\/\/canmarles.com\/productos\/sense%20categoria\/balco-de-can-marles\/"},"modified":"2025-07-15T02:45:58","modified_gmt":"2025-07-15T00:45:58","slug":"xec-regal-balco-de-can-marles","status":"publish","type":"product","link":"https:\/\/canmarles.com\/ca\/productes\/xecs-regal\/xec-regal-balco-de-can-marles\/","title":{"rendered":"Xec regal Exclusiu p\u00edcnic entre vinyes"},"content":{"rendered":"","protected":false},"excerpt":{"rendered":"<p>Preu per persona: 40\u20ac (vins i begudes a part)<\/p>\n<p>Per a grups o parelles que vulguin un p\u00edcnic entre vinyes de productes d\u2019alta qualitat de la zona al peu de les nostres vinyes.<\/p>\n<p>Aquest xec regal \u00e9s v\u00e0lid durant 1 any.<\/p>\n<p>A continuaci\u00f3 escull per a quantes persones vols que sigui v\u00e0lid el xec (m\u00ednim 2 i m\u00e0xim 8):<\/p>\n","protected":false},"featured_media":14635,"template":"","meta":[],"product_brand":[],"product_cat":[153],"product_tag":[],"class_list":{"0":"post-11446","1":"product","2":"type-product","3":"status-publish","4":"has-post-thumbnail","6":"product_cat-xecs-regal","8":"first","9":"instock","10":"sold-individually","11":"taxable","12":"shipping-taxable","13":"purchasable","14":"product-type-variable","15":"has-default-attributes"},"yoast_head":"<!-- This site is optimized with the Yoast SEO plugin v27.3 - https:\/\/yoast.com\/product\/yoast-seo-wordpress\/ -->\n<title>Xec regal Exclusiu p\u00edcnic entre vinyes - Can Marl\u00e8s<\/title>\n<meta name=\"robots\" content=\"index, follow, max-snippet:-1, max-image-preview:large, max-video-preview:-1\" \/>\n<link rel=\"canonical\" href=\"https:\/\/canmarles.com\/ca\/productes\/xecs-regal\/xec-regal-balco-de-can-marles\/\" \/>\n<meta property=\"og:locale\" content=\"ca_ES\" \/>\n<meta property=\"og:type\" content=\"article\" \/>\n<meta property=\"og:title\" content=\"Xec regal Exclusiu p\u00edcnic entre vinyes - Can Marl\u00e8s\" \/>\n<meta property=\"og:description\" content=\"Preu per persona: 40\u20ac (vins i begudes a part) Per a grups o parelles que vulguin un p\u00edcnic entre vinyes de productes d\u2019alta qualitat de la zona al peu de les nostres vinyes. Aquest xec regal \u00e9s v\u00e0lid durant 1 any. A continuaci\u00f3 escull per a quantes persones vols que sigui v\u00e0lid el xec (m\u00ednim 2 i m\u00e0xim 8):\" \/>\n<meta property=\"og:url\" content=\"https:\/\/canmarles.com\/ca\/productes\/xecs-regal\/xec-regal-balco-de-can-marles\/\" \/>\n<meta property=\"og:site_name\" content=\"Can Marl\u00e8s\" \/>\n<meta property=\"article:publisher\" content=\"https:\/\/www.facebook.com\/bodegacanmarles\/\" \/>\n<meta property=\"article:modified_time\" content=\"2025-07-15T00:45:58+00:00\" \/>\n<meta property=\"og:image\" content=\"https:\/\/i0.wp.com\/canmarles.com\/wp-content\/uploads\/enoturismo_picnic_new.jpg?fit=1000%2C1000&ssl=1\" \/>\n\t<meta property=\"og:image:width\" content=\"1000\" \/>\n\t<meta property=\"og:image:height\" content=\"1000\" \/>\n\t<meta property=\"og:image:type\" content=\"image\/jpeg\" \/>\n<meta name=\"twitter:card\" content=\"summary_large_image\" \/>\n<meta name=\"twitter:site\" content=\"@bodegacanmarles\" \/>\n<meta name=\"twitter:label1\" content=\"Temps estimat de lectura\" \/>\n\t<meta name=\"twitter:data1\" content=\"1 minut\" \/>\n<script type=\"application\/ld+json\" class=\"yoast-schema-graph\">{\"@context\":\"https:\\\/\\\/schema.org\",\"@graph\":[{\"@type\":\"WebPage\",\"@id\":\"https:\\\/\\\/canmarles.com\\\/ca\\\/productes\\\/xecs-regal\\\/xec-regal-balco-de-can-marles\\\/\",\"url\":\"https:\\\/\\\/canmarles.com\\\/ca\\\/productes\\\/xecs-regal\\\/xec-regal-balco-de-can-marles\\\/\",\"name\":\"Xec regal Exclusiu p\u00edcnic entre vinyes - Can Marl\u00e8s\",\"isPartOf\":{\"@id\":\"https:\\\/\\\/canmarles.com\\\/ca\\\/#website\"},\"primaryImageOfPage\":{\"@id\":\"https:\\\/\\\/canmarles.com\\\/ca\\\/productes\\\/xecs-regal\\\/xec-regal-balco-de-can-marles\\\/#primaryimage\"},\"image\":{\"@id\":\"https:\\\/\\\/canmarles.com\\\/ca\\\/productes\\\/xecs-regal\\\/xec-regal-balco-de-can-marles\\\/#primaryimage\"},\"thumbnailUrl\":\"https:\\\/\\\/i0.wp.com\\\/canmarles.com\\\/wp-content\\\/uploads\\\/enoturismo_picnic_new.jpg?fit=1000%2C1000&ssl=1\",\"datePublished\":\"2023-07-15T10:18:29+00:00\",\"dateModified\":\"2025-07-15T00:45:58+00:00\",\"breadcrumb\":{\"@id\":\"https:\\\/\\\/canmarles.com\\\/ca\\\/productes\\\/xecs-regal\\\/xec-regal-balco-de-can-marles\\\/#breadcrumb\"},\"inLanguage\":\"ca\",\"potentialAction\":[{\"@type\":\"ReadAction\",\"target\":[\"https:\\\/\\\/canmarles.com\\\/ca\\\/productes\\\/xecs-regal\\\/xec-regal-balco-de-can-marles\\\/\"]}]},{\"@type\":\"ImageObject\",\"inLanguage\":\"ca\",\"@id\":\"https:\\\/\\\/canmarles.com\\\/ca\\\/productes\\\/xecs-regal\\\/xec-regal-balco-de-can-marles\\\/#primaryimage\",\"url\":\"https:\\\/\\\/i0.wp.com\\\/canmarles.com\\\/wp-content\\\/uploads\\\/enoturismo_picnic_new.jpg?fit=1000%2C1000&ssl=1\",\"contentUrl\":\"https:\\\/\\\/i0.wp.com\\\/canmarles.com\\\/wp-content\\\/uploads\\\/enoturismo_picnic_new.jpg?fit=1000%2C1000&ssl=1\",\"width\":1000,\"height\":1000},{\"@type\":\"BreadcrumbList\",\"@id\":\"https:\\\/\\\/canmarles.com\\\/ca\\\/productes\\\/xecs-regal\\\/xec-regal-balco-de-can-marles\\\/#breadcrumb\",\"itemListElement\":[{\"@type\":\"ListItem\",\"position\":1,\"name\":\"Portada\",\"item\":\"https:\\\/\\\/canmarles.com\\\/ca\\\/inici\\\/\"},{\"@type\":\"ListItem\",\"position\":2,\"name\":\"Botiga\",\"item\":\"https:\\\/\\\/canmarles.com\\\/productos\\\/\"},{\"@type\":\"ListItem\",\"position\":3,\"name\":\"Xec regal Exclusiu p\u00edcnic entre vinyes\"}]},{\"@type\":\"WebSite\",\"@id\":\"https:\\\/\\\/canmarles.com\\\/ca\\\/#website\",\"url\":\"https:\\\/\\\/canmarles.com\\\/ca\\\/\",\"name\":\"Can Marl\u00e8s\",\"description\":\"Celler i Enoturisme\",\"publisher\":{\"@id\":\"https:\\\/\\\/canmarles.com\\\/ca\\\/#organization\"},\"potentialAction\":[{\"@type\":\"SearchAction\",\"target\":{\"@type\":\"EntryPoint\",\"urlTemplate\":\"https:\\\/\\\/canmarles.com\\\/ca\\\/?s={search_term_string}\"},\"query-input\":{\"@type\":\"PropertyValueSpecification\",\"valueRequired\":true,\"valueName\":\"search_term_string\"}}],\"inLanguage\":\"ca\"},{\"@type\":\"Organization\",\"@id\":\"https:\\\/\\\/canmarles.com\\\/ca\\\/#organization\",\"name\":\"Can Marl\u00e8s\",\"url\":\"https:\\\/\\\/canmarles.com\\\/ca\\\/\",\"logo\":{\"@type\":\"ImageObject\",\"inLanguage\":\"ca\",\"@id\":\"https:\\\/\\\/canmarles.com\\\/ca\\\/#\\\/schema\\\/logo\\\/image\\\/\",\"url\":\"https:\\\/\\\/canmarles.com\\\/wp-content\\\/uploads\\\/2020\\\/03\\\/logoHeader_Big-e1583925821624.png\",\"contentUrl\":\"https:\\\/\\\/canmarles.com\\\/wp-content\\\/uploads\\\/2020\\\/03\\\/logoHeader_Big-e1583925821624.png\",\"width\":251,\"height\":35,\"caption\":\"Can Marl\u00e8s\"},\"image\":{\"@id\":\"https:\\\/\\\/canmarles.com\\\/ca\\\/#\\\/schema\\\/logo\\\/image\\\/\"},\"sameAs\":[\"https:\\\/\\\/www.facebook.com\\\/bodegacanmarles\\\/\",\"https:\\\/\\\/x.com\\\/bodegacanmarles\",\"https:\\\/\\\/www.instagram.com\\\/bodegacanmarles\\\/\"]}]}<\/script>\n<!-- \/ Yoast SEO plugin. -->","yoast_head_json":{"title":"Xec regal Exclusiu p\u00edcnic entre vinyes - Can Marl\u00e8s","robots":{"index":"index","follow":"follow","max-snippet":"max-snippet:-1","max-image-preview":"max-image-preview:large","max-video-preview":"max-video-preview:-1"},"canonical":"https:\/\/canmarles.com\/ca\/productes\/xecs-regal\/xec-regal-balco-de-can-marles\/","og_locale":"ca_ES","og_type":"article","og_title":"Xec regal Exclusiu p\u00edcnic entre vinyes - Can Marl\u00e8s","og_description":"Preu per persona: 40\u20ac (vins i begudes a part) Per a grups o parelles que vulguin un p\u00edcnic entre vinyes de productes d\u2019alta qualitat de la zona al peu de les nostres vinyes. Aquest xec regal \u00e9s v\u00e0lid durant 1 any. A continuaci\u00f3 escull per a quantes persones vols que sigui v\u00e0lid el xec (m\u00ednim 2 i m\u00e0xim 8):","og_url":"https:\/\/canmarles.com\/ca\/productes\/xecs-regal\/xec-regal-balco-de-can-marles\/","og_site_name":"Can Marl\u00e8s","article_publisher":"https:\/\/www.facebook.com\/bodegacanmarles\/","article_modified_time":"2025-07-15T00:45:58+00:00","og_image":[{"width":1000,"height":1000,"url":"https:\/\/i0.wp.com\/canmarles.com\/wp-content\/uploads\/enoturismo_picnic_new.jpg?fit=1000%2C1000&ssl=1","type":"image\/jpeg"}],"twitter_card":"summary_large_image","twitter_site":"@bodegacanmarles","twitter_misc":{"Temps estimat de lectura":"1 minut"},"schema":{"@context":"https:\/\/schema.org","@graph":[{"@type":"WebPage","@id":"https:\/\/canmarles.com\/ca\/productes\/xecs-regal\/xec-regal-balco-de-can-marles\/","url":"https:\/\/canmarles.com\/ca\/productes\/xecs-regal\/xec-regal-balco-de-can-marles\/","name":"Xec regal Exclusiu p\u00edcnic entre vinyes - Can Marl\u00e8s","isPartOf":{"@id":"https:\/\/canmarles.com\/ca\/#website"},"primaryImageOfPage":{"@id":"https:\/\/canmarles.com\/ca\/productes\/xecs-regal\/xec-regal-balco-de-can-marles\/#primaryimage"},"image":{"@id":"https:\/\/canmarles.com\/ca\/productes\/xecs-regal\/xec-regal-balco-de-can-marles\/#primaryimage"},"thumbnailUrl":"https:\/\/i0.wp.com\/canmarles.com\/wp-content\/uploads\/enoturismo_picnic_new.jpg?fit=1000%2C1000&ssl=1","datePublished":"2023-07-15T10:18:29+00:00","dateModified":"2025-07-15T00:45:58+00:00","breadcrumb":{"@id":"https:\/\/canmarles.com\/ca\/productes\/xecs-regal\/xec-regal-balco-de-can-marles\/#breadcrumb"},"inLanguage":"ca","potentialAction":[{"@type":"ReadAction","target":["https:\/\/canmarles.com\/ca\/productes\/xecs-regal\/xec-regal-balco-de-can-marles\/"]}]},{"@type":"ImageObject","inLanguage":"ca","@id":"https:\/\/canmarles.com\/ca\/productes\/xecs-regal\/xec-regal-balco-de-can-marles\/#primaryimage","url":"https:\/\/i0.wp.com\/canmarles.com\/wp-content\/uploads\/enoturismo_picnic_new.jpg?fit=1000%2C1000&ssl=1","contentUrl":"https:\/\/i0.wp.com\/canmarles.com\/wp-content\/uploads\/enoturismo_picnic_new.jpg?fit=1000%2C1000&ssl=1","width":1000,"height":1000},{"@type":"BreadcrumbList","@id":"https:\/\/canmarles.com\/ca\/productes\/xecs-regal\/xec-regal-balco-de-can-marles\/#breadcrumb","itemListElement":[{"@type":"ListItem","position":1,"name":"Portada","item":"https:\/\/canmarles.com\/ca\/inici\/"},{"@type":"ListItem","position":2,"name":"Botiga","item":"https:\/\/canmarles.com\/productos\/"},{"@type":"ListItem","position":3,"name":"Xec regal Exclusiu p\u00edcnic entre vinyes"}]},{"@type":"WebSite","@id":"https:\/\/canmarles.com\/ca\/#website","url":"https:\/\/canmarles.com\/ca\/","name":"Can Marl\u00e8s","description":"Celler i Enoturisme","publisher":{"@id":"https:\/\/canmarles.com\/ca\/#organization"},"potentialAction":[{"@type":"SearchAction","target":{"@type":"EntryPoint","urlTemplate":"https:\/\/canmarles.com\/ca\/?s={search_term_string}"},"query-input":{"@type":"PropertyValueSpecification","valueRequired":true,"valueName":"search_term_string"}}],"inLanguage":"ca"},{"@type":"Organization","@id":"https:\/\/canmarles.com\/ca\/#organization","name":"Can Marl\u00e8s","url":"https:\/\/canmarles.com\/ca\/","logo":{"@type":"ImageObject","inLanguage":"ca","@id":"https:\/\/canmarles.com\/ca\/#\/schema\/logo\/image\/","url":"https:\/\/canmarles.com\/wp-content\/uploads\/2020\/03\/logoHeader_Big-e1583925821624.png","contentUrl":"https:\/\/canmarles.com\/wp-content\/uploads\/2020\/03\/logoHeader_Big-e1583925821624.png","width":251,"height":35,"caption":"Can Marl\u00e8s"},"image":{"@id":"https:\/\/canmarles.com\/ca\/#\/schema\/logo\/image\/"},"sameAs":["https:\/\/www.facebook.com\/bodegacanmarles\/","https:\/\/x.com\/bodegacanmarles","https:\/\/www.instagram.com\/bodegacanmarles\/"]}]}},"jetpack_sharing_enabled":true,"_links":{"self":[{"href":"https:\/\/canmarles.com\/ca\/wp-json\/wp\/v2\/product\/11446","targetHints":{"allow":["GET"]}}],"collection":[{"href":"https:\/\/canmarles.com\/ca\/wp-json\/wp\/v2\/product"}],"about":[{"href":"https:\/\/canmarles.com\/ca\/wp-json\/wp\/v2\/types\/product"}],"wp:featuredmedia":[{"embeddable":true,"href":"https:\/\/canmarles.com\/ca\/wp-json\/wp\/v2\/media\/14635"}],"wp:attachment":[{"href":"https:\/\/canmarles.com\/ca\/wp-json\/wp\/v2\/media?parent=11446"}],"wp:term":[{"taxonomy":"product_brand","embeddable":true,"href":"https:\/\/canmarles.com\/ca\/wp-json\/wp\/v2\/product_brand?post=11446"},{"taxonomy":"product_cat","embeddable":true,"href":"https:\/\/canmarles.com\/ca\/wp-json\/wp\/v2\/product_cat?post=11446"},{"taxonomy":"product_tag","embeddable":true,"href":"https:\/\/canmarles.com\/ca\/wp-json\/wp\/v2\/product_tag?post=11446"}],"curies":[{"name":"wp","href":"https:\/\/api.w.org\/{rel}","templated":true}]}}