{"id":10813,"date":"2023-03-01T14:21:24","date_gmt":"2023-03-01T12:29:10","guid":{"rendered":"https:\/\/canmarles.com\/productos\/Sense categoria\/tast-llaminer-29-04\/"},"modified":"2023-03-01T14:29:10","modified_gmt":"2023-03-01T12:29:10","slug":"tast-llaminer","status":"publish","type":"product","link":"https:\/\/canmarles.com\/ca\/productes\/esdeveniments\/tast-llaminer\/","title":{"rendered":"Tast Llaminer &#8211; 29\/04"},"content":{"rendered":"","protected":false},"excerpt":{"rendered":"<p><strong>4<\/strong> vins i <strong>4<\/strong> dol\u00e7os <strong>Gourmet<\/strong><\/p>\n<p><strong>Sessi\u00f3 \u00fanica:<\/strong> 29 d&#8217;abril a les 17:00<\/p>\n<p>Places <strong>limitades<\/strong><\/p>\n","protected":false},"featured_media":10809,"template":"","meta":[],"product_brand":[],"product_cat":[135],"product_tag":[],"class_list":{"0":"post-10813","1":"product","2":"type-product","3":"status-publish","4":"has-post-thumbnail","6":"product_cat-esdeveniments","8":"first","9":"instock","10":"virtual","11":"taxable","12":"purchasable","13":"product-type-simple"},"yoast_head":"<!-- This site is optimized with the Yoast SEO plugin v27.3 - https:\/\/yoast.com\/product\/yoast-seo-wordpress\/ -->\n<title>Tast Llaminer - 29\/04 - Can Marl\u00e8s<\/title>\n<meta name=\"robots\" content=\"index, follow, max-snippet:-1, max-image-preview:large, max-video-preview:-1\" \/>\n<link rel=\"canonical\" href=\"https:\/\/canmarles.com\/ca\/productes\/esdeveniments\/tast-llaminer\/\" \/>\n<meta property=\"og:locale\" content=\"ca_ES\" \/>\n<meta property=\"og:type\" content=\"article\" \/>\n<meta property=\"og:title\" content=\"Tast Llaminer - 29\/04 - Can Marl\u00e8s\" \/>\n<meta property=\"og:description\" content=\"4 vins i 4 dol\u00e7os Gourmet Sessi\u00f3 \u00fanica: 29 d&#039;abril a les 17:00 Places limitades\" \/>\n<meta property=\"og:url\" content=\"https:\/\/canmarles.com\/ca\/productes\/esdeveniments\/tast-llaminer\/\" \/>\n<meta property=\"og:site_name\" content=\"Can Marl\u00e8s\" \/>\n<meta property=\"article:publisher\" content=\"https:\/\/www.facebook.com\/bodegacanmarles\/\" \/>\n<meta property=\"og:image\" content=\"https:\/\/i0.wp.com\/canmarles.com\/wp-content\/uploads\/tast-llaminer.jpeg?fit=2048%2C1893&ssl=1\" \/>\n\t<meta property=\"og:image:width\" content=\"2048\" \/>\n\t<meta property=\"og:image:height\" content=\"1893\" \/>\n\t<meta property=\"og:image:type\" content=\"image\/jpeg\" \/>\n<meta name=\"twitter:card\" content=\"summary_large_image\" \/>\n<meta name=\"twitter:site\" content=\"@bodegacanmarles\" \/>\n<script type=\"application\/ld+json\" class=\"yoast-schema-graph\">{\"@context\":\"https:\\\/\\\/schema.org\",\"@graph\":[{\"@type\":\"WebPage\",\"@id\":\"https:\\\/\\\/canmarles.com\\\/ca\\\/productes\\\/esdeveniments\\\/tast-llaminer\\\/\",\"url\":\"https:\\\/\\\/canmarles.com\\\/ca\\\/productes\\\/esdeveniments\\\/tast-llaminer\\\/\",\"name\":\"Tast Llaminer - 29\\\/04 - Can Marl\u00e8s\",\"isPartOf\":{\"@id\":\"https:\\\/\\\/canmarles.com\\\/ca\\\/#website\"},\"primaryImageOfPage\":{\"@id\":\"https:\\\/\\\/canmarles.com\\\/ca\\\/productes\\\/esdeveniments\\\/tast-llaminer\\\/#primaryimage\"},\"image\":{\"@id\":\"https:\\\/\\\/canmarles.com\\\/ca\\\/productes\\\/esdeveniments\\\/tast-llaminer\\\/#primaryimage\"},\"thumbnailUrl\":\"https:\\\/\\\/i0.wp.com\\\/canmarles.com\\\/wp-content\\\/uploads\\\/tast-llaminer.jpeg?fit=2048%2C1893&ssl=1\",\"datePublished\":\"2023-03-01T12:29:10+00:00\",\"breadcrumb\":{\"@id\":\"https:\\\/\\\/canmarles.com\\\/ca\\\/productes\\\/esdeveniments\\\/tast-llaminer\\\/#breadcrumb\"},\"inLanguage\":\"ca\",\"potentialAction\":[{\"@type\":\"ReadAction\",\"target\":[\"https:\\\/\\\/canmarles.com\\\/ca\\\/productes\\\/esdeveniments\\\/tast-llaminer\\\/\"]}]},{\"@type\":\"ImageObject\",\"inLanguage\":\"ca\",\"@id\":\"https:\\\/\\\/canmarles.com\\\/ca\\\/productes\\\/esdeveniments\\\/tast-llaminer\\\/#primaryimage\",\"url\":\"https:\\\/\\\/i0.wp.com\\\/canmarles.com\\\/wp-content\\\/uploads\\\/tast-llaminer.jpeg?fit=2048%2C1893&ssl=1\",\"contentUrl\":\"https:\\\/\\\/i0.wp.com\\\/canmarles.com\\\/wp-content\\\/uploads\\\/tast-llaminer.jpeg?fit=2048%2C1893&ssl=1\",\"width\":2048,\"height\":1893},{\"@type\":\"BreadcrumbList\",\"@id\":\"https:\\\/\\\/canmarles.com\\\/ca\\\/productes\\\/esdeveniments\\\/tast-llaminer\\\/#breadcrumb\",\"itemListElement\":[{\"@type\":\"ListItem\",\"position\":1,\"name\":\"Portada\",\"item\":\"https:\\\/\\\/canmarles.com\\\/ca\\\/inici\\\/\"},{\"@type\":\"ListItem\",\"position\":2,\"name\":\"Botiga\",\"item\":\"https:\\\/\\\/canmarles.com\\\/productos\\\/\"},{\"@type\":\"ListItem\",\"position\":3,\"name\":\"Tast Llaminer &#8211; 29\\\/04\"}]},{\"@type\":\"WebSite\",\"@id\":\"https:\\\/\\\/canmarles.com\\\/ca\\\/#website\",\"url\":\"https:\\\/\\\/canmarles.com\\\/ca\\\/\",\"name\":\"Can Marl\u00e8s\",\"description\":\"Celler i Enoturisme\",\"publisher\":{\"@id\":\"https:\\\/\\\/canmarles.com\\\/ca\\\/#organization\"},\"potentialAction\":[{\"@type\":\"SearchAction\",\"target\":{\"@type\":\"EntryPoint\",\"urlTemplate\":\"https:\\\/\\\/canmarles.com\\\/ca\\\/?s={search_term_string}\"},\"query-input\":{\"@type\":\"PropertyValueSpecification\",\"valueRequired\":true,\"valueName\":\"search_term_string\"}}],\"inLanguage\":\"ca\"},{\"@type\":\"Organization\",\"@id\":\"https:\\\/\\\/canmarles.com\\\/ca\\\/#organization\",\"name\":\"Can Marl\u00e8s\",\"url\":\"https:\\\/\\\/canmarles.com\\\/ca\\\/\",\"logo\":{\"@type\":\"ImageObject\",\"inLanguage\":\"ca\",\"@id\":\"https:\\\/\\\/canmarles.com\\\/ca\\\/#\\\/schema\\\/logo\\\/image\\\/\",\"url\":\"https:\\\/\\\/canmarles.com\\\/wp-content\\\/uploads\\\/2020\\\/03\\\/logoHeader_Big-e1583925821624.png\",\"contentUrl\":\"https:\\\/\\\/canmarles.com\\\/wp-content\\\/uploads\\\/2020\\\/03\\\/logoHeader_Big-e1583925821624.png\",\"width\":251,\"height\":35,\"caption\":\"Can Marl\u00e8s\"},\"image\":{\"@id\":\"https:\\\/\\\/canmarles.com\\\/ca\\\/#\\\/schema\\\/logo\\\/image\\\/\"},\"sameAs\":[\"https:\\\/\\\/www.facebook.com\\\/bodegacanmarles\\\/\",\"https:\\\/\\\/x.com\\\/bodegacanmarles\",\"https:\\\/\\\/www.instagram.com\\\/bodegacanmarles\\\/\"]}]}<\/script>\n<!-- \/ Yoast SEO plugin. -->","yoast_head_json":{"title":"Tast Llaminer - 29\/04 - Can Marl\u00e8s","robots":{"index":"index","follow":"follow","max-snippet":"max-snippet:-1","max-image-preview":"max-image-preview:large","max-video-preview":"max-video-preview:-1"},"canonical":"https:\/\/canmarles.com\/ca\/productes\/esdeveniments\/tast-llaminer\/","og_locale":"ca_ES","og_type":"article","og_title":"Tast Llaminer - 29\/04 - Can Marl\u00e8s","og_description":"4 vins i 4 dol\u00e7os Gourmet Sessi\u00f3 \u00fanica: 29 d'abril a les 17:00 Places limitades","og_url":"https:\/\/canmarles.com\/ca\/productes\/esdeveniments\/tast-llaminer\/","og_site_name":"Can Marl\u00e8s","article_publisher":"https:\/\/www.facebook.com\/bodegacanmarles\/","og_image":[{"width":2048,"height":1893,"url":"https:\/\/i0.wp.com\/canmarles.com\/wp-content\/uploads\/tast-llaminer.jpeg?fit=2048%2C1893&ssl=1","type":"image\/jpeg"}],"twitter_card":"summary_large_image","twitter_site":"@bodegacanmarles","schema":{"@context":"https:\/\/schema.org","@graph":[{"@type":"WebPage","@id":"https:\/\/canmarles.com\/ca\/productes\/esdeveniments\/tast-llaminer\/","url":"https:\/\/canmarles.com\/ca\/productes\/esdeveniments\/tast-llaminer\/","name":"Tast Llaminer - 29\/04 - Can Marl\u00e8s","isPartOf":{"@id":"https:\/\/canmarles.com\/ca\/#website"},"primaryImageOfPage":{"@id":"https:\/\/canmarles.com\/ca\/productes\/esdeveniments\/tast-llaminer\/#primaryimage"},"image":{"@id":"https:\/\/canmarles.com\/ca\/productes\/esdeveniments\/tast-llaminer\/#primaryimage"},"thumbnailUrl":"https:\/\/i0.wp.com\/canmarles.com\/wp-content\/uploads\/tast-llaminer.jpeg?fit=2048%2C1893&ssl=1","datePublished":"2023-03-01T12:29:10+00:00","breadcrumb":{"@id":"https:\/\/canmarles.com\/ca\/productes\/esdeveniments\/tast-llaminer\/#breadcrumb"},"inLanguage":"ca","potentialAction":[{"@type":"ReadAction","target":["https:\/\/canmarles.com\/ca\/productes\/esdeveniments\/tast-llaminer\/"]}]},{"@type":"ImageObject","inLanguage":"ca","@id":"https:\/\/canmarles.com\/ca\/productes\/esdeveniments\/tast-llaminer\/#primaryimage","url":"https:\/\/i0.wp.com\/canmarles.com\/wp-content\/uploads\/tast-llaminer.jpeg?fit=2048%2C1893&ssl=1","contentUrl":"https:\/\/i0.wp.com\/canmarles.com\/wp-content\/uploads\/tast-llaminer.jpeg?fit=2048%2C1893&ssl=1","width":2048,"height":1893},{"@type":"BreadcrumbList","@id":"https:\/\/canmarles.com\/ca\/productes\/esdeveniments\/tast-llaminer\/#breadcrumb","itemListElement":[{"@type":"ListItem","position":1,"name":"Portada","item":"https:\/\/canmarles.com\/ca\/inici\/"},{"@type":"ListItem","position":2,"name":"Botiga","item":"https:\/\/canmarles.com\/productos\/"},{"@type":"ListItem","position":3,"name":"Tast Llaminer &#8211; 29\/04"}]},{"@type":"WebSite","@id":"https:\/\/canmarles.com\/ca\/#website","url":"https:\/\/canmarles.com\/ca\/","name":"Can Marl\u00e8s","description":"Celler i Enoturisme","publisher":{"@id":"https:\/\/canmarles.com\/ca\/#organization"},"potentialAction":[{"@type":"SearchAction","target":{"@type":"EntryPoint","urlTemplate":"https:\/\/canmarles.com\/ca\/?s={search_term_string}"},"query-input":{"@type":"PropertyValueSpecification","valueRequired":true,"valueName":"search_term_string"}}],"inLanguage":"ca"},{"@type":"Organization","@id":"https:\/\/canmarles.com\/ca\/#organization","name":"Can Marl\u00e8s","url":"https:\/\/canmarles.com\/ca\/","logo":{"@type":"ImageObject","inLanguage":"ca","@id":"https:\/\/canmarles.com\/ca\/#\/schema\/logo\/image\/","url":"https:\/\/canmarles.com\/wp-content\/uploads\/2020\/03\/logoHeader_Big-e1583925821624.png","contentUrl":"https:\/\/canmarles.com\/wp-content\/uploads\/2020\/03\/logoHeader_Big-e1583925821624.png","width":251,"height":35,"caption":"Can Marl\u00e8s"},"image":{"@id":"https:\/\/canmarles.com\/ca\/#\/schema\/logo\/image\/"},"sameAs":["https:\/\/www.facebook.com\/bodegacanmarles\/","https:\/\/x.com\/bodegacanmarles","https:\/\/www.instagram.com\/bodegacanmarles\/"]}]}},"jetpack_sharing_enabled":true,"_links":{"self":[{"href":"https:\/\/canmarles.com\/ca\/wp-json\/wp\/v2\/product\/10813","targetHints":{"allow":["GET"]}}],"collection":[{"href":"https:\/\/canmarles.com\/ca\/wp-json\/wp\/v2\/product"}],"about":[{"href":"https:\/\/canmarles.com\/ca\/wp-json\/wp\/v2\/types\/product"}],"wp:featuredmedia":[{"embeddable":true,"href":"https:\/\/canmarles.com\/ca\/wp-json\/wp\/v2\/media\/10809"}],"wp:attachment":[{"href":"https:\/\/canmarles.com\/ca\/wp-json\/wp\/v2\/media?parent=10813"}],"wp:term":[{"taxonomy":"product_brand","embeddable":true,"href":"https:\/\/canmarles.com\/ca\/wp-json\/wp\/v2\/product_brand?post=10813"},{"taxonomy":"product_cat","embeddable":true,"href":"https:\/\/canmarles.com\/ca\/wp-json\/wp\/v2\/product_cat?post=10813"},{"taxonomy":"product_tag","embeddable":true,"href":"https:\/\/canmarles.com\/ca\/wp-json\/wp\/v2\/product_tag?post=10813"}],"curies":[{"name":"wp","href":"https:\/\/api.w.org\/{rel}","templated":true}]}}