{"id":3127,"date":"2020-04-08T18:33:21","date_gmt":"2020-04-08T18:33:21","guid":{"rendered":"https:\/\/canmarles.com\/blog\/"},"modified":"2020-04-09T11:20:54","modified_gmt":"2020-04-09T11:20:54","slug":"blog","status":"publish","type":"page","link":"https:\/\/canmarles.com\/ca\/blog\/","title":{"rendered":"Blog"},"content":{"rendered":"<div id=\"entrades\" class=\"fusion-container-anchor\"><div class=\"fusion-fullwidth fullwidth-box fusion-builder-row-1 nonhundred-percent-fullwidth non-hundred-percent-height-scrolling\" style=\"--awb-border-radius-top-left:0px;--awb-border-radius-top-right:0px;--awb-border-radius-bottom-right:0px;--awb-border-radius-bottom-left:0px;--awb-padding-top:100px;--awb-flex-wrap:wrap;\" ><div class=\"fusion-builder-row fusion-row\"><div class=\"fusion-layout-column fusion_builder_column fusion-builder-column-0 fusion_builder_column_1_1 1_1 fusion-one-full fusion-column-first fusion-column-last fusion-animated\" style=\"--awb-bg-size:cover;\" data-animationType=\"fadeInDown\" data-animationDuration=\"1.0\" data-animationOffset=\"top-into-view\"><div class=\"fusion-column-wrapper fusion-column-has-shadow fusion-flex-column-wrapper-legacy\"><div class=\"fusion-blog-shortcode fusion-blog-shortcode-1 fusion-blog-archive fusion-blog-layout-medium fusion-blog-pagination\"><div class=\"fusion-posts-container fusion-posts-container-pagination\" data-pages=\"1\"><article id=\"blog-1-post-3718\" class=\"fusion-post-medium post-3718 post type-post status-publish format-standard has-post-thumbnail hentry category-blog-duna-vinya\">\n\t<style type=\"text\/css\">\n\t\t\n\t\t\n\t\t\n\t\t\n\t\t\t<\/style>\n\n\n\t\t\t<div class=\"fusion-flexslider flexslider fusion-flexslider-loading fusion-post-slideshow\" style=\"\">\n\t\t<ul class=\"slides\">\n\t\t\t\n\t\t\t\t\t\t\t\t\t\t\t\t\t\t<li><div  class=\"fusion-image-wrapper fusion-image-size-fixed\" aria-haspopup=\"true\">\n\t\t\t\t\t\t\t<a href=\"https:\/\/canmarles.com\/ca\/blog\/nova-web-de-can-marles\/\" aria-label=\"NOVA WEB DE CAN MARL\u00c8S\">\n\t\t\t\t\t\t\t<img data-recalc-dims=\"1\" decoding=\"async\" width=\"320\" height=\"202\" src=\"https:\/\/i0.wp.com\/canmarles.com\/wp-content\/uploads\/19-03-2020_04.jpg?resize=320%2C202&#038;ssl=1\" class=\"attachment-blog-medium size-blog-medium wp-post-image\" alt=\"\" srcset=\"https:\/\/i0.wp.com\/canmarles.com\/wp-content\/uploads\/19-03-2020_04.jpg?resize=320%2C202&amp;ssl=1 320w, https:\/\/i0.wp.com\/canmarles.com\/wp-content\/uploads\/19-03-2020_04.jpg?zoom=2&amp;resize=320%2C202&amp;ssl=1 640w, https:\/\/i0.wp.com\/canmarles.com\/wp-content\/uploads\/19-03-2020_04.jpg?resize=700%2C441&amp;ssl=1 700w, https:\/\/i0.wp.com\/canmarles.com\/wp-content\/uploads\/19-03-2020_04.jpg?zoom=3&amp;resize=320%2C202&amp;ssl=1 960w\" sizes=\"(max-width: 320px) 100vw, 320px\" \/>\t\t\t<\/a>\n\t\t\t\t\t\t\t<\/div>\n<\/li>\n\t\t\t\n\t\t\t\n\t\t\t\t\t\t\t\t\t\t\t\t\t\t\t\t\t\t\t\t\t\t\t\t\t\t\t\t\t\t\t\t\t\t\t\t\t\t\t\t\t\t\t\t\t\t\t\t\t\t\t\t\t\t\t\t\t\t\t\t\t\t\t\t\t\t\t\t<\/ul>\n\t<\/div>\n\t<div class=\"fusion-post-content post-content\"><h2 class=\"blog-shortcode-post-title entry-title\"><a href=\"https:\/\/canmarles.com\/ca\/blog\/nova-web-de-can-marles\/\">NOVA WEB DE CAN MARL\u00c8S<\/a><\/h2><div class=\"fusion-post-content-container\"><p>Despr\u00e9s de cuatre anys en funcionament amb un nou projecte d'enoturisme de qualitat, Can Marl\u00e8s ha crescut tant en les activitats com el n\u00famero de visitants. L'ampliaci\u00f3 del celler ha perm\u00e9s fer una sala de tastos molt especial. Un espai \u00fanic i acollidor pensat per tastar els nostres vins ecol\u00f2gics i una cuina profesional per\u00a0espectacles\u00a0gastron\u00f3mics\u00a0i events especials. Tamb\u00e9 provista de pantalla i reproductor pensat per events d'empreses.El creixement del nostre projecte enotur\u00edstic\u00a0ens ha portat a [...]<\/p><\/div><\/div><div class=\"fusion-clearfix\"><\/div><div class=\"fusion-meta-info\"><div class=\"fusion-alignleft\">By <span class=\"vcard\"><span class=\"fn\"><a href=\"https:\/\/canmarles.com\/ca\/blog\/author\/lucia\/\" title=\"Entrades de Luc\u00eda Pombo\" rel=\"author\">Luc\u00eda Pombo<\/a><\/span><\/span><span class=\"fusion-inline-sep\">|<\/span><span class=\"updated\" style=\"display:none;\">2022-08-29T14:07:50+02:00<\/span><span>abril 19, 2020<\/span><span class=\"fusion-inline-sep\">|<\/span><\/div><\/div><\/article>\n<article id=\"blog-1-post-3362\" class=\"fusion-post-medium post-3362 post type-post status-publish format-standard has-post-thumbnail hentry category-blog-duna-vinya\">\n\t<style type=\"text\/css\">\n\t\t\n\t\t\n\t\t\n\t\t\n\t\t\t<\/style>\n\n\n\t\t\t<div class=\"fusion-flexslider flexslider fusion-flexslider-loading fusion-post-slideshow\" style=\"\">\n\t\t<ul class=\"slides\">\n\t\t\t\n\t\t\t\t\t\t\t\t\t\t\t\t\t\t<li><div  class=\"fusion-image-wrapper fusion-image-size-fixed\" aria-haspopup=\"true\">\n\t\t\t\t\t\t\t<a href=\"https:\/\/canmarles.com\/ca\/blog\/can-marles-amb-el-personal-sanitari\/\" aria-label=\"Can Marl\u00e8s amb el personal sanitari\">\n\t\t\t\t\t\t\t<img data-recalc-dims=\"1\" decoding=\"async\" width=\"320\" height=\"202\" src=\"https:\/\/i0.wp.com\/canmarles.com\/wp-content\/uploads\/blog_promocion-sanitarios_ca.jpg?resize=320%2C202&#038;ssl=1\" class=\"attachment-blog-medium size-blog-medium wp-post-image\" alt=\"\" srcset=\"https:\/\/i0.wp.com\/canmarles.com\/wp-content\/uploads\/blog_promocion-sanitarios_ca.jpg?resize=320%2C202&amp;ssl=1 320w, https:\/\/i0.wp.com\/canmarles.com\/wp-content\/uploads\/blog_promocion-sanitarios_ca.jpg?zoom=2&amp;resize=320%2C202&amp;ssl=1 640w, https:\/\/i0.wp.com\/canmarles.com\/wp-content\/uploads\/blog_promocion-sanitarios_ca.jpg?resize=700%2C441&amp;ssl=1 700w, https:\/\/i0.wp.com\/canmarles.com\/wp-content\/uploads\/blog_promocion-sanitarios_ca.jpg?zoom=3&amp;resize=320%2C202&amp;ssl=1 960w\" sizes=\"(max-width: 320px) 100vw, 320px\" \/>\t\t\t<\/a>\n\t\t\t\t\t\t\t<\/div>\n<\/li>\n\t\t\t\n\t\t\t\n\t\t\t\t\t\t\t\t\t\t\t\t\t\t\t\t\t\t\t\t\t\t\t\t\t\t\t\t\t\t\t\t\t\t\t\t\t\t\t\t\t\t\t\t\t\t\t\t\t\t\t\t\t\t\t\t\t\t\t\t\t\t\t\t\t\t\t\t<\/ul>\n\t<\/div>\n\t<div class=\"fusion-post-content post-content\"><h2 class=\"blog-shortcode-post-title entry-title\"><a href=\"https:\/\/canmarles.com\/ca\/blog\/can-marles-amb-el-personal-sanitari\/\">Can Marl\u00e8s amb el personal sanitari<\/a><\/h2><div class=\"fusion-post-content-container\"><p>El celler Can Marl\u00e8s, juntament amb altres establiments del Pened\u00e8s, s\u2019uneix a la iniciativa empenyada per Turisme Pened\u00e8s i Pened\u00e8s Ruta del vi per agre\u00efr a tot el personal sanitari la seva tasca, esfor\u00e7 i dedicaci\u00f3 durant aquesta terrible pand\u00e8mia que ens asola a nivell mundial. Desde el llevament de l\u2019estat d\u2019alarma i fins el 30 de novembre, el personal sanitari podr\u00e1 benificiarse d\u2019un 15% de descompte en les mas\u00edes d\u2019enoturisme rural i activitats a [...]<\/p><\/div><\/div><div class=\"fusion-clearfix\"><\/div><div class=\"fusion-meta-info\"><div class=\"fusion-alignleft\">By <span class=\"vcard\"><span class=\"fn\"><a href=\"https:\/\/canmarles.com\/ca\/blog\/author\/lucia\/\" title=\"Entrades de Luc\u00eda Pombo\" rel=\"author\">Luc\u00eda Pombo<\/a><\/span><\/span><span class=\"fusion-inline-sep\">|<\/span><span class=\"updated\" style=\"display:none;\">2020-04-15T15:54:39+02:00<\/span><span>abril 11, 2020<\/span><span class=\"fusion-inline-sep\">|<\/span><\/div><\/div><\/article>\n<\/div><\/div><div class=\"fusion-clearfix\"><\/div><\/div><\/div><\/div><\/div><\/div>\n","protected":false},"excerpt":{"rendered":"","protected":false},"author":1,"featured_media":0,"parent":0,"menu_order":6,"comment_status":"closed","ping_status":"closed","template":"100-width.php","meta":{"footnotes":""},"class_list":["post-3127","page","type-page","status-publish","hentry"],"yoast_head":"<!-- This site is optimized with the Yoast SEO plugin v27.3 - https:\/\/yoast.com\/product\/yoast-seo-wordpress\/ -->\n<title>Blog - Can Marl\u00e8s<\/title>\n<meta name=\"robots\" content=\"index, follow, max-snippet:-1, max-image-preview:large, max-video-preview:-1\" \/>\n<link rel=\"canonical\" href=\"https:\/\/canmarles.com\/ca\/blog\/\" \/>\n<meta property=\"og:locale\" content=\"ca_ES\" \/>\n<meta property=\"og:type\" content=\"article\" \/>\n<meta property=\"og:title\" content=\"Blog - Can Marl\u00e8s\" \/>\n<meta property=\"og:url\" content=\"https:\/\/canmarles.com\/ca\/blog\/\" \/>\n<meta property=\"og:site_name\" content=\"Can Marl\u00e8s\" \/>\n<meta property=\"article:publisher\" content=\"https:\/\/www.facebook.com\/bodegacanmarles\/\" \/>\n<meta property=\"article:modified_time\" content=\"2020-04-09T11:20:54+00:00\" \/>\n<meta name=\"twitter:card\" content=\"summary_large_image\" \/>\n<meta name=\"twitter:site\" content=\"@bodegacanmarles\" \/>\n<meta name=\"twitter:label1\" content=\"Temps estimat de lectura\" \/>\n\t<meta name=\"twitter:data1\" content=\"2 minuts\" \/>\n<script type=\"application\/ld+json\" class=\"yoast-schema-graph\">{\"@context\":\"https:\\\/\\\/schema.org\",\"@graph\":[{\"@type\":\"WebPage\",\"@id\":\"https:\\\/\\\/canmarles.com\\\/ca\\\/blog\\\/\",\"url\":\"https:\\\/\\\/canmarles.com\\\/ca\\\/blog\\\/\",\"name\":\"Blog - Can Marl\u00e8s\",\"isPartOf\":{\"@id\":\"https:\\\/\\\/canmarles.com\\\/ca\\\/#website\"},\"datePublished\":\"2020-04-08T18:33:21+00:00\",\"dateModified\":\"2020-04-09T11:20:54+00:00\",\"breadcrumb\":{\"@id\":\"https:\\\/\\\/canmarles.com\\\/ca\\\/blog\\\/#breadcrumb\"},\"inLanguage\":\"ca\",\"potentialAction\":[{\"@type\":\"ReadAction\",\"target\":[\"https:\\\/\\\/canmarles.com\\\/ca\\\/blog\\\/\"]}]},{\"@type\":\"BreadcrumbList\",\"@id\":\"https:\\\/\\\/canmarles.com\\\/ca\\\/blog\\\/#breadcrumb\",\"itemListElement\":[{\"@type\":\"ListItem\",\"position\":1,\"name\":\"Portada\",\"item\":\"https:\\\/\\\/canmarles.com\\\/ca\\\/inici\\\/\"},{\"@type\":\"ListItem\",\"position\":2,\"name\":\"Blog\"}]},{\"@type\":\"WebSite\",\"@id\":\"https:\\\/\\\/canmarles.com\\\/ca\\\/#website\",\"url\":\"https:\\\/\\\/canmarles.com\\\/ca\\\/\",\"name\":\"Can Marl\u00e8s\",\"description\":\"Celler i Enoturisme\",\"publisher\":{\"@id\":\"https:\\\/\\\/canmarles.com\\\/ca\\\/#organization\"},\"potentialAction\":[{\"@type\":\"SearchAction\",\"target\":{\"@type\":\"EntryPoint\",\"urlTemplate\":\"https:\\\/\\\/canmarles.com\\\/ca\\\/?s={search_term_string}\"},\"query-input\":{\"@type\":\"PropertyValueSpecification\",\"valueRequired\":true,\"valueName\":\"search_term_string\"}}],\"inLanguage\":\"ca\"},{\"@type\":\"Organization\",\"@id\":\"https:\\\/\\\/canmarles.com\\\/ca\\\/#organization\",\"name\":\"Can Marl\u00e8s\",\"url\":\"https:\\\/\\\/canmarles.com\\\/ca\\\/\",\"logo\":{\"@type\":\"ImageObject\",\"inLanguage\":\"ca\",\"@id\":\"https:\\\/\\\/canmarles.com\\\/ca\\\/#\\\/schema\\\/logo\\\/image\\\/\",\"url\":\"https:\\\/\\\/canmarles.com\\\/wp-content\\\/uploads\\\/2020\\\/03\\\/logoHeader_Big-e1583925821624.png\",\"contentUrl\":\"https:\\\/\\\/canmarles.com\\\/wp-content\\\/uploads\\\/2020\\\/03\\\/logoHeader_Big-e1583925821624.png\",\"width\":251,\"height\":35,\"caption\":\"Can Marl\u00e8s\"},\"image\":{\"@id\":\"https:\\\/\\\/canmarles.com\\\/ca\\\/#\\\/schema\\\/logo\\\/image\\\/\"},\"sameAs\":[\"https:\\\/\\\/www.facebook.com\\\/bodegacanmarles\\\/\",\"https:\\\/\\\/x.com\\\/bodegacanmarles\",\"https:\\\/\\\/www.instagram.com\\\/bodegacanmarles\\\/\"]}]}<\/script>\n<!-- \/ Yoast SEO plugin. -->","yoast_head_json":{"title":"Blog - Can Marl\u00e8s","robots":{"index":"index","follow":"follow","max-snippet":"max-snippet:-1","max-image-preview":"max-image-preview:large","max-video-preview":"max-video-preview:-1"},"canonical":"https:\/\/canmarles.com\/ca\/blog\/","og_locale":"ca_ES","og_type":"article","og_title":"Blog - Can Marl\u00e8s","og_url":"https:\/\/canmarles.com\/ca\/blog\/","og_site_name":"Can Marl\u00e8s","article_publisher":"https:\/\/www.facebook.com\/bodegacanmarles\/","article_modified_time":"2020-04-09T11:20:54+00:00","twitter_card":"summary_large_image","twitter_site":"@bodegacanmarles","twitter_misc":{"Temps estimat de lectura":"2 minuts"},"schema":{"@context":"https:\/\/schema.org","@graph":[{"@type":"WebPage","@id":"https:\/\/canmarles.com\/ca\/blog\/","url":"https:\/\/canmarles.com\/ca\/blog\/","name":"Blog - Can Marl\u00e8s","isPartOf":{"@id":"https:\/\/canmarles.com\/ca\/#website"},"datePublished":"2020-04-08T18:33:21+00:00","dateModified":"2020-04-09T11:20:54+00:00","breadcrumb":{"@id":"https:\/\/canmarles.com\/ca\/blog\/#breadcrumb"},"inLanguage":"ca","potentialAction":[{"@type":"ReadAction","target":["https:\/\/canmarles.com\/ca\/blog\/"]}]},{"@type":"BreadcrumbList","@id":"https:\/\/canmarles.com\/ca\/blog\/#breadcrumb","itemListElement":[{"@type":"ListItem","position":1,"name":"Portada","item":"https:\/\/canmarles.com\/ca\/inici\/"},{"@type":"ListItem","position":2,"name":"Blog"}]},{"@type":"WebSite","@id":"https:\/\/canmarles.com\/ca\/#website","url":"https:\/\/canmarles.com\/ca\/","name":"Can Marl\u00e8s","description":"Celler i Enoturisme","publisher":{"@id":"https:\/\/canmarles.com\/ca\/#organization"},"potentialAction":[{"@type":"SearchAction","target":{"@type":"EntryPoint","urlTemplate":"https:\/\/canmarles.com\/ca\/?s={search_term_string}"},"query-input":{"@type":"PropertyValueSpecification","valueRequired":true,"valueName":"search_term_string"}}],"inLanguage":"ca"},{"@type":"Organization","@id":"https:\/\/canmarles.com\/ca\/#organization","name":"Can Marl\u00e8s","url":"https:\/\/canmarles.com\/ca\/","logo":{"@type":"ImageObject","inLanguage":"ca","@id":"https:\/\/canmarles.com\/ca\/#\/schema\/logo\/image\/","url":"https:\/\/canmarles.com\/wp-content\/uploads\/2020\/03\/logoHeader_Big-e1583925821624.png","contentUrl":"https:\/\/canmarles.com\/wp-content\/uploads\/2020\/03\/logoHeader_Big-e1583925821624.png","width":251,"height":35,"caption":"Can Marl\u00e8s"},"image":{"@id":"https:\/\/canmarles.com\/ca\/#\/schema\/logo\/image\/"},"sameAs":["https:\/\/www.facebook.com\/bodegacanmarles\/","https:\/\/x.com\/bodegacanmarles","https:\/\/www.instagram.com\/bodegacanmarles\/"]}]}},"jetpack_sharing_enabled":true,"_links":{"self":[{"href":"https:\/\/canmarles.com\/ca\/wp-json\/wp\/v2\/pages\/3127","targetHints":{"allow":["GET"]}}],"collection":[{"href":"https:\/\/canmarles.com\/ca\/wp-json\/wp\/v2\/pages"}],"about":[{"href":"https:\/\/canmarles.com\/ca\/wp-json\/wp\/v2\/types\/page"}],"author":[{"embeddable":true,"href":"https:\/\/canmarles.com\/ca\/wp-json\/wp\/v2\/users\/1"}],"replies":[{"embeddable":true,"href":"https:\/\/canmarles.com\/ca\/wp-json\/wp\/v2\/comments?post=3127"}],"version-history":[{"count":2,"href":"https:\/\/canmarles.com\/ca\/wp-json\/wp\/v2\/pages\/3127\/revisions"}],"predecessor-version":[{"id":3369,"href":"https:\/\/canmarles.com\/ca\/wp-json\/wp\/v2\/pages\/3127\/revisions\/3369"}],"wp:attachment":[{"href":"https:\/\/canmarles.com\/ca\/wp-json\/wp\/v2\/media?parent=3127"}],"curies":[{"name":"wp","href":"https:\/\/api.w.org\/{rel}","templated":true}]}}