{"id":2705,"date":"2020-02-11T14:23:26","date_gmt":"2020-02-11T14:23:26","guid":{"rendered":"http:\/\/canmarles.com\/nova\/condiciones-club\/"},"modified":"2020-04-10T09:41:12","modified_gmt":"2020-04-10T09:41:12","slug":"condicions-club","status":"publish","type":"page","link":"https:\/\/canmarles.com\/ca\/condicions-club\/","title":{"rendered":"Condicions Club"},"content":{"rendered":"<div class=\"fusion-fullwidth fullwidth-box fusion-builder-row-1 nonhundred-percent-fullwidth non-hundred-percent-height-scrolling\" style=\"--awb-border-radius-top-left:0px;--awb-border-radius-top-right:0px;--awb-border-radius-bottom-right:0px;--awb-border-radius-bottom-left:0px;--awb-flex-wrap:wrap;\" ><div class=\"fusion-builder-row fusion-row\"><div class=\"fusion-layout-column fusion_builder_column fusion-builder-column-0 fusion_builder_column_1_1 1_1 fusion-one-full fusion-column-first fusion-column-last\" style=\"--awb-bg-size:cover;\"><div class=\"fusion-column-wrapper fusion-column-has-shadow fusion-flex-column-wrapper-legacy\"><div class=\"fusion-text fusion-text-1\"><p style=\"text-align: justify\" align=\"justify\"><strong>Qu\u00e8 es el Club Can Marl\u00e8s?<br \/><\/strong>El Club Can Marl\u00e8s ofereix als seus socis descomptes i ofertes especials, aix\u00ed com una \u00e0mplia selecci\u00f3 de propostes per al seu temps d\u2019oci i altres avantatges ens els establiments associats al Club.<\/p>\n<p style=\"text-align: justify\"><strong>Alta del titular<\/strong><br \/>Qualsevol persona f\u00edsica major d\u2019edat pot sol\u00b7lictar la tarjeta del Club i fer-se soci omplint el corresponent formulari. La tarjeta acredita com a soci del Club i dona dret a participar en totes les activitats i ofertes promogudes pel mateix, segons les condicions comunicades en cada cas. Tan sols s\u2019emetr\u00e0 una tarjeta i el seu us es restringeix de forma exclusiva al titular de la mateixa. El titular es compromet a comunicar la p\u00e8rdua o robatori de la seva tarjeta per a evitar un possible us fraudulent, aix\u00ed com per a disposar d\u2019un duplicat.<\/p>\n<p style=\"text-align: justify\"><strong>Renovaci\u00f3<\/strong><br \/>L\u2019alta de soci es gratuita i tindr\u00e0 una validesa de 3 anys. La data de caducitat quedar\u00e0 estampada en el seu suport pl\u00e0stic i el titular podr\u00e0 renovar la seva membres\u00eda al nostre lloc web. La renovaci\u00f3 en el Club implica l\u2019acceptaci\u00f3, per part del soci, de les condicions del Club que estiguin en vigor en el moment de fer la dita renovaci\u00f3. Pot consultar les condicions vigents del Club sempre que vulgui en aquesta mateixa p\u00e0gina.<\/p>\n<p style=\"text-align: justify\"><strong>Avantatges<\/strong><br \/>Els socis es beneficiaran d\u2019un 10% de descompte en compres \u00fanicament fetes directament a la nostra finca o botiga online.<\/p>\n<p style=\"text-align: justify\"><b>Xarxa d\u2019establiments i entitats associades<br \/><\/b>Els socis del Club disfrutaran de descomptes directes, preus especials i serveis exclusius oferts pels establiments i entitats associades al Club, sempre i quan s\u2019identifiquin amb la seva tarjeta. El llistat d\u2019establiments associats i esdeveniments puntuals, aix\u00ed com les seves condicions particulars es poden consultar al nostre lloc web.<\/p>\n<p style=\"text-align: justify\"><strong>Canals de comunicaci\u00f3<\/strong><br \/>El soci autoritza expressament a Hinrichsen &amp; Sons SL a l\u2019enviament peri\u00f2dic d\u2019informaci\u00f3 comercial i\/o relacionada amb activitats i ofertes comercials a trav\u00e9s de diferents canals de comuniaci\u00f3: correu postal, correu electr\u00f2nic, SMS, etc.<\/p>\n<p style=\"text-align: justify\"><strong>Dades del soci<\/strong><br \/>El soci autoritza a Hinrichsen &amp; Sons SL a conservar les dades facilitades per ell i els obtinguts per la seva activitat en el Club i a automatitzar-los i tractar-los per al correcte manteniment dels serveis ofertats o contractats dins de les cobertures ofertes pel Club, aix\u00ed com per a informar-lo sobre les propostes del mateix o dels establiments associats. Aix\u00ed mateix, autoritza a que les seves dades siguin automatitzades i tractades a la base de dades de clients de Hinrichsen &amp; Sons SL, a fi de que se li pugui comunicar, d\u2019igual manera, les promocions i ofertes comercials de Can Marl\u00e8s, respectant l\u2019establert en la legislaci\u00f3 vigent sobre Protecci\u00f3 de Dades. Hinrichsen &amp; Sons SL conservar\u00e0 amb aquest mateix prop\u00f2sit les dades dels socis per a garantitzar al titular l\u2019exercici dels drets d\u2019acc\u00e9s, rectificaci\u00f3, cancelaci\u00f3 i oposici\u00f3, dirigint-se per escrit i acompanyant fotoc\u00f2pia del DNI a Hinrichsen &amp; Sons SL, Finca Can Marl\u00e8s S\/N, Can Ferrer de la Cogullada, 43812, El Montmell, Tarragona, Catalunya, Espanya.<\/p>\n<p style=\"text-align: justify\"><strong>General<\/strong><br \/>El Club es reserva el dret de cancelar el seu compte de soci i donar de baixa al que incompleixi aquestes normes o realitzi un \u00fas inapropiat de la tarjeta, amb dret tamb\u00e9 a exigir-li les responsabilitats que se li poguessin derivar. Hinrichsen &amp; Sons SL es reserva el dret de cancelar el Club, avisant als titulars amb un mes d\u2019antelaci\u00f3 i respectant sempre els seus drets adquirits. No es contempla el previ av\u00eds als titulars quan la cancelaci\u00f3 del Club sigui per causa de for\u00e7a major. Les presents Condicions s\u2019aplicaran i interpretaran d\u2019acord amb la legislaci\u00f3 espanyola i el sol \u00fas de la tarjeta implicar\u00e0 la seva acceptaci\u00f3. Qualsevol controversia que es pogu\u00e8s derivar del present acord, es dirimir\u00e0 en els Jutjats i Tribunals competents.<\/p>\n<\/div><div class=\"fusion-clearfix\"><\/div><\/div><\/div><\/div><\/div>\n","protected":false},"excerpt":{"rendered":"","protected":false},"author":1,"featured_media":0,"parent":0,"menu_order":0,"comment_status":"closed","ping_status":"closed","template":"","meta":{"footnotes":""},"class_list":["post-2705","page","type-page","status-publish","hentry"],"yoast_head":"<!-- This site is optimized with the Yoast SEO plugin v27.3 - https:\/\/yoast.com\/product\/yoast-seo-wordpress\/ -->\n<title>Condicions Club - Can Marl\u00e8s<\/title>\n<meta name=\"robots\" content=\"index, follow, max-snippet:-1, max-image-preview:large, max-video-preview:-1\" \/>\n<link rel=\"canonical\" href=\"https:\/\/canmarles.com\/ca\/condicions-club\/\" \/>\n<meta property=\"og:locale\" content=\"ca_ES\" \/>\n<meta property=\"og:type\" content=\"article\" \/>\n<meta property=\"og:title\" content=\"Condicions Club - Can Marl\u00e8s\" \/>\n<meta property=\"og:url\" content=\"https:\/\/canmarles.com\/ca\/condicions-club\/\" \/>\n<meta property=\"og:site_name\" content=\"Can Marl\u00e8s\" \/>\n<meta property=\"article:publisher\" content=\"https:\/\/www.facebook.com\/bodegacanmarles\/\" \/>\n<meta property=\"article:modified_time\" content=\"2020-04-10T09:41:12+00:00\" \/>\n<meta name=\"twitter:card\" content=\"summary_large_image\" \/>\n<meta name=\"twitter:site\" content=\"@bodegacanmarles\" \/>\n<meta name=\"twitter:label1\" content=\"Temps estimat de lectura\" \/>\n\t<meta name=\"twitter:data1\" content=\"5 minuts\" \/>\n<script type=\"application\/ld+json\" class=\"yoast-schema-graph\">{\"@context\":\"https:\\\/\\\/schema.org\",\"@graph\":[{\"@type\":\"WebPage\",\"@id\":\"https:\\\/\\\/canmarles.com\\\/ca\\\/condicions-club\\\/\",\"url\":\"https:\\\/\\\/canmarles.com\\\/ca\\\/condicions-club\\\/\",\"name\":\"Condicions Club - Can Marl\u00e8s\",\"isPartOf\":{\"@id\":\"https:\\\/\\\/canmarles.com\\\/ca\\\/#website\"},\"datePublished\":\"2020-02-11T14:23:26+00:00\",\"dateModified\":\"2020-04-10T09:41:12+00:00\",\"breadcrumb\":{\"@id\":\"https:\\\/\\\/canmarles.com\\\/ca\\\/condicions-club\\\/#breadcrumb\"},\"inLanguage\":\"ca\",\"potentialAction\":[{\"@type\":\"ReadAction\",\"target\":[\"https:\\\/\\\/canmarles.com\\\/ca\\\/condicions-club\\\/\"]}]},{\"@type\":\"BreadcrumbList\",\"@id\":\"https:\\\/\\\/canmarles.com\\\/ca\\\/condicions-club\\\/#breadcrumb\",\"itemListElement\":[{\"@type\":\"ListItem\",\"position\":1,\"name\":\"Portada\",\"item\":\"https:\\\/\\\/canmarles.com\\\/ca\\\/inici\\\/\"},{\"@type\":\"ListItem\",\"position\":2,\"name\":\"Condicions Club\"}]},{\"@type\":\"WebSite\",\"@id\":\"https:\\\/\\\/canmarles.com\\\/ca\\\/#website\",\"url\":\"https:\\\/\\\/canmarles.com\\\/ca\\\/\",\"name\":\"Can Marl\u00e8s\",\"description\":\"Celler i Enoturisme\",\"publisher\":{\"@id\":\"https:\\\/\\\/canmarles.com\\\/ca\\\/#organization\"},\"potentialAction\":[{\"@type\":\"SearchAction\",\"target\":{\"@type\":\"EntryPoint\",\"urlTemplate\":\"https:\\\/\\\/canmarles.com\\\/ca\\\/?s={search_term_string}\"},\"query-input\":{\"@type\":\"PropertyValueSpecification\",\"valueRequired\":true,\"valueName\":\"search_term_string\"}}],\"inLanguage\":\"ca\"},{\"@type\":\"Organization\",\"@id\":\"https:\\\/\\\/canmarles.com\\\/ca\\\/#organization\",\"name\":\"Can Marl\u00e8s\",\"url\":\"https:\\\/\\\/canmarles.com\\\/ca\\\/\",\"logo\":{\"@type\":\"ImageObject\",\"inLanguage\":\"ca\",\"@id\":\"https:\\\/\\\/canmarles.com\\\/ca\\\/#\\\/schema\\\/logo\\\/image\\\/\",\"url\":\"https:\\\/\\\/canmarles.com\\\/wp-content\\\/uploads\\\/2020\\\/03\\\/logoHeader_Big-e1583925821624.png\",\"contentUrl\":\"https:\\\/\\\/canmarles.com\\\/wp-content\\\/uploads\\\/2020\\\/03\\\/logoHeader_Big-e1583925821624.png\",\"width\":251,\"height\":35,\"caption\":\"Can Marl\u00e8s\"},\"image\":{\"@id\":\"https:\\\/\\\/canmarles.com\\\/ca\\\/#\\\/schema\\\/logo\\\/image\\\/\"},\"sameAs\":[\"https:\\\/\\\/www.facebook.com\\\/bodegacanmarles\\\/\",\"https:\\\/\\\/x.com\\\/bodegacanmarles\",\"https:\\\/\\\/www.instagram.com\\\/bodegacanmarles\\\/\"]}]}<\/script>\n<!-- \/ Yoast SEO plugin. -->","yoast_head_json":{"title":"Condicions Club - Can Marl\u00e8s","robots":{"index":"index","follow":"follow","max-snippet":"max-snippet:-1","max-image-preview":"max-image-preview:large","max-video-preview":"max-video-preview:-1"},"canonical":"https:\/\/canmarles.com\/ca\/condicions-club\/","og_locale":"ca_ES","og_type":"article","og_title":"Condicions Club - Can Marl\u00e8s","og_url":"https:\/\/canmarles.com\/ca\/condicions-club\/","og_site_name":"Can Marl\u00e8s","article_publisher":"https:\/\/www.facebook.com\/bodegacanmarles\/","article_modified_time":"2020-04-10T09:41:12+00:00","twitter_card":"summary_large_image","twitter_site":"@bodegacanmarles","twitter_misc":{"Temps estimat de lectura":"5 minuts"},"schema":{"@context":"https:\/\/schema.org","@graph":[{"@type":"WebPage","@id":"https:\/\/canmarles.com\/ca\/condicions-club\/","url":"https:\/\/canmarles.com\/ca\/condicions-club\/","name":"Condicions Club - Can Marl\u00e8s","isPartOf":{"@id":"https:\/\/canmarles.com\/ca\/#website"},"datePublished":"2020-02-11T14:23:26+00:00","dateModified":"2020-04-10T09:41:12+00:00","breadcrumb":{"@id":"https:\/\/canmarles.com\/ca\/condicions-club\/#breadcrumb"},"inLanguage":"ca","potentialAction":[{"@type":"ReadAction","target":["https:\/\/canmarles.com\/ca\/condicions-club\/"]}]},{"@type":"BreadcrumbList","@id":"https:\/\/canmarles.com\/ca\/condicions-club\/#breadcrumb","itemListElement":[{"@type":"ListItem","position":1,"name":"Portada","item":"https:\/\/canmarles.com\/ca\/inici\/"},{"@type":"ListItem","position":2,"name":"Condicions Club"}]},{"@type":"WebSite","@id":"https:\/\/canmarles.com\/ca\/#website","url":"https:\/\/canmarles.com\/ca\/","name":"Can Marl\u00e8s","description":"Celler i Enoturisme","publisher":{"@id":"https:\/\/canmarles.com\/ca\/#organization"},"potentialAction":[{"@type":"SearchAction","target":{"@type":"EntryPoint","urlTemplate":"https:\/\/canmarles.com\/ca\/?s={search_term_string}"},"query-input":{"@type":"PropertyValueSpecification","valueRequired":true,"valueName":"search_term_string"}}],"inLanguage":"ca"},{"@type":"Organization","@id":"https:\/\/canmarles.com\/ca\/#organization","name":"Can Marl\u00e8s","url":"https:\/\/canmarles.com\/ca\/","logo":{"@type":"ImageObject","inLanguage":"ca","@id":"https:\/\/canmarles.com\/ca\/#\/schema\/logo\/image\/","url":"https:\/\/canmarles.com\/wp-content\/uploads\/2020\/03\/logoHeader_Big-e1583925821624.png","contentUrl":"https:\/\/canmarles.com\/wp-content\/uploads\/2020\/03\/logoHeader_Big-e1583925821624.png","width":251,"height":35,"caption":"Can Marl\u00e8s"},"image":{"@id":"https:\/\/canmarles.com\/ca\/#\/schema\/logo\/image\/"},"sameAs":["https:\/\/www.facebook.com\/bodegacanmarles\/","https:\/\/x.com\/bodegacanmarles","https:\/\/www.instagram.com\/bodegacanmarles\/"]}]}},"jetpack_sharing_enabled":true,"_links":{"self":[{"href":"https:\/\/canmarles.com\/ca\/wp-json\/wp\/v2\/pages\/2705","targetHints":{"allow":["GET"]}}],"collection":[{"href":"https:\/\/canmarles.com\/ca\/wp-json\/wp\/v2\/pages"}],"about":[{"href":"https:\/\/canmarles.com\/ca\/wp-json\/wp\/v2\/types\/page"}],"author":[{"embeddable":true,"href":"https:\/\/canmarles.com\/ca\/wp-json\/wp\/v2\/users\/1"}],"replies":[{"embeddable":true,"href":"https:\/\/canmarles.com\/ca\/wp-json\/wp\/v2\/comments?post=2705"}],"version-history":[{"count":9,"href":"https:\/\/canmarles.com\/ca\/wp-json\/wp\/v2\/pages\/2705\/revisions"}],"predecessor-version":[{"id":3484,"href":"https:\/\/canmarles.com\/ca\/wp-json\/wp\/v2\/pages\/2705\/revisions\/3484"}],"wp:attachment":[{"href":"https:\/\/canmarles.com\/ca\/wp-json\/wp\/v2\/media?parent=2705"}],"curies":[{"name":"wp","href":"https:\/\/api.w.org\/{rel}","templated":true}]}}