{"id":2699,"date":"2020-04-05T19:43:11","date_gmt":"2020-04-05T19:43:11","guid":{"rendered":"http:\/\/canmarles.com\/nova\/?page_id=2699"},"modified":"2022-04-23T14:54:26","modified_gmt":"2022-04-23T14:54:26","slug":"condicions-de-venda","status":"publish","type":"page","link":"https:\/\/canmarles.com\/ca\/condicions-de-venda\/","title":{"rendered":"Condicions de venda"},"content":{"rendered":"<div class=\"fusion-fullwidth fullwidth-box fusion-builder-row-1 nonhundred-percent-fullwidth non-hundred-percent-height-scrolling\" style=\"--awb-border-radius-top-left:0px;--awb-border-radius-top-right:0px;--awb-border-radius-bottom-right:0px;--awb-border-radius-bottom-left:0px;--awb-flex-wrap:wrap;\" ><div class=\"fusion-builder-row fusion-row\"><div class=\"fusion-layout-column fusion_builder_column fusion-builder-column-0 fusion_builder_column_1_1 1_1 fusion-one-full fusion-column-first fusion-column-last\" style=\"--awb-bg-size:cover;\"><div class=\"fusion-column-wrapper fusion-column-has-shadow fusion-flex-column-wrapper-legacy\"><div class=\"fusion-text fusion-text-1\"><p style=\"text-align: justify;\">Les vendes es realitzen a trav\u00e9s de Hinrichsen &amp; Sons SL, Finca Can Marl\u00e8s S\/N, Can Ferrer de la Cogullada, El Montmell, amb CIF B-43908979, tel\u00e8fon 610209991 i e-mail: lucia@canmarles.com. inscrit al Registre Mercantil de Tarragona, al Tom 2.345 de societats, Llibre 119 i Foli T-37.048.<\/p>\n<\/p>\n<p style=\"text-align: justify;\"><b style=\"color: var(--body_typography-color); font-family: var(--body_typography-font-family); font-size: var(--body_typography-font-size); font-style: var(--body_typography-font-style,normal); letter-spacing: var(--body_typography-letter-spacing); background-color: rgba(255, 255, 255, 0);\">CLIENTS REGISTRATS<br \/><\/b><span style=\"background-color: rgba(255, 255, 255, 0); color: var(--body_typography-color); font-family: var(--body_typography-font-family); font-size: var(--body_typography-font-size); font-style: var(--body_typography-font-style,normal); font-weight: var(--body_typography-font-weight); letter-spacing: var(--body_typography-letter-spacing);\">L\u2019usuari podr\u00e0 formalitzar una comanda amb o sense registre com a client. En cas que decideixi registrar-se, disposar\u00e0 d\u2019una \u00e0rea de client on podr\u00e0 consultar les seves comandes, fer-ne el seguiment i introduir m\u00faltiples adreces de lliurament. Les dades que sigui facilitades, en qualsevol cas, tant com a usuari registrat o per fer la comanda, seran incorporades en un fitxer responsabilitat de Hinrichsen &amp; Sons SL, podent exercitar els drets d\u2019acc\u00e9s, cancel\u00b7laci\u00f3, rectificaci\u00f3 i oposici\u00f3 a les adreces indicades anteriorment.<\/span><\/p>\n<p style=\"text-align: justify;\"><b style=\"background-color: rgba(255, 255, 255, 0); color: var(--body_typography-color); font-family: var(--body_typography-font-family); font-size: var(--body_typography-font-size); font-style: var(--body_typography-font-style,normal); letter-spacing: var(--body_typography-letter-spacing);\">PREUS<br \/><\/b><span style=\"background-color: rgba(255, 255, 255, 0); color: var(--body_typography-color); font-family: var(--body_typography-font-family); font-size: var(--body_typography-font-size); font-style: var(--body_typography-font-style,normal); font-weight: var(--body_typography-font-weight); letter-spacing: var(--body_typography-letter-spacing);\">Els preus dels articles disponibles en aquesta p\u00e0gina inclouen l\u2019IVA que els hi correspon. En funci\u00f3 de la quantitat de la comanda, s\u2019afegir\u00e0 un import per cobrir les despeses de transport. Aquest import inclou tamb\u00e9 l\u2019IVA, i es marcar\u00e0 clarament a la p\u00e0gina de resum de la comanda abans de finalitzar l\u2019adquisici\u00f3.<\/span><\/p>\n<p style=\"text-align: justify;\"><b style=\"background-color: rgba(255, 255, 255, 0); color: var(--body_typography-color); font-family: var(--body_typography-font-family); font-size: var(--body_typography-font-size); font-style: var(--body_typography-font-style,normal); letter-spacing: var(--body_typography-letter-spacing);\">PAGAMENTS<br \/><\/b><span style=\"background-color: rgba(255, 255, 255, 0); color: var(--body_typography-color); font-family: var(--body_typography-font-family); font-size: var(--body_typography-font-size); font-style: var(--body_typography-font-style,normal); font-weight: var(--body_typography-font-weight); letter-spacing: var(--body_typography-letter-spacing);\">Una vegada finalitzada l\u2019adquisici\u00f3 de productes en aquesta p\u00e0gina, el client podr\u00e0 realitzar el pagament a trav\u00e9s d\u2019una targeta de cr\u00e8dit. Ser\u00e0 derivat al sistema de pagament online on, en un entorn segur i xifrat, podr\u00e0 introduir les dades de la seva targeta de cr\u00e8dit (Visa o Mastercard). Hinrichsen &amp; Sons SL no t\u00e9 cap acc\u00e9s a aquestes dades, siguent informat de forma autom\u00e0tica nom\u00e9s de l\u2019\u00e8xit o impossibilitat de cobrament de la transacci\u00f3.<\/span><\/p>\n<div style=\"text-align: justify;\"><span style=\"background-color: rgba(255, 255, 255, 0); color: var(--body_typography-color); font-family: var(--body_typography-font-family); font-size: var(--body_typography-font-size); font-style: var(--body_typography-font-style,normal); font-weight: var(--body_typography-font-weight); letter-spacing: var(--body_typography-letter-spacing);\"><br \/><\/span><b style=\"background-color: rgba(255, 255, 255, 0); color: var(--body_typography-color); font-family: var(--body_typography-font-family); font-size: var(--body_typography-font-size); font-style: var(--body_typography-font-style,normal); letter-spacing: var(--body_typography-letter-spacing);\">DISPONIBILITAT DELS PRODUCTES<\/b><\/div>\n<div style=\"text-align: justify;\"><span style=\"background-color: rgba(255, 255, 255, 0); color: var(--body_typography-color); font-family: var(--body_typography-font-family); font-size: var(--body_typography-font-size); font-style: var(--body_typography-font-style,normal); font-weight: var(--body_typography-font-weight); letter-spacing: var(--body_typography-letter-spacing);\">Els productes exposats a la botiga online sempre estaran disponibles. En el moment que no hi hagin exist\u00e8ncies el producte es retirar\u00e1 directament de la botiga online.<\/span><\/div>\n<div> <\/div>\n<div style=\"text-align: justify;\"><b style=\"background-color: rgba(255, 255, 255, 0); color: var(--body_typography-color); font-family: var(--body_typography-font-family); font-size: var(--body_typography-font-size); font-style: var(--body_typography-font-style,normal); letter-spacing: var(--body_typography-letter-spacing);\">LLIURAMENTS I \u00c0MBIT GEOGR\u00c0FIC<\/b><\/div>\n<div style=\"text-align: justify;\"><span style=\"background-color: rgba(255, 255, 255, 0); color: var(--body_typography-color); font-family: var(--body_typography-font-family); font-size: var(--body_typography-font-size); font-style: var(--body_typography-font-style,normal); font-weight: var(--body_typography-font-weight); letter-spacing: var(--body_typography-letter-spacing);\">Els lliuraments es faran per missatger. Intentem despatxar el vi sempre l\u2019endem\u00e0 de rebre la comanda. El termini de lliurament acostuma a ser de tres dies laborables a partir d\u2019aquest moment. Poden lliurarse en un termini de m\u00e9s dies, en funci\u00f3 de la zona geogr\u00e0fica o si \u00e9s fora de la pen\u00ednsula. L\u2019\u00e0mbit geogr\u00e0fic \u00e9s per tota Europa.<\/span><\/div>\n<div> <\/div>\n<div style=\"text-align: justify;\"><b style=\"background-color: rgba(255, 255, 255, 0); color: var(--body_typography-color); font-family: var(--body_typography-font-family); font-size: var(--body_typography-font-size); font-style: var(--body_typography-font-style,normal); letter-spacing: var(--body_typography-letter-spacing);\">EDAT DEL COMPRADOR<\/b><\/div>\n<div style=\"text-align: justify;\"><span style=\"background-color: rgba(255, 255, 255, 0); color: var(--body_typography-color); font-family: var(--body_typography-font-family); font-size: var(--body_typography-font-size); font-style: var(--body_typography-font-style,normal); font-weight: var(--body_typography-font-weight); letter-spacing: var(--body_typography-letter-spacing);\">Nom\u00e9s podran adquirir vi els majors d\u2019edat.<\/span><\/div>\n<div> <\/div>\n<div style=\"text-align: justify;\"><b style=\"background-color: rgba(255, 255, 255, 0); color: var(--body_typography-color); font-family: var(--body_typography-font-family); font-size: var(--body_typography-font-size); font-style: var(--body_typography-font-style,normal); letter-spacing: var(--body_typography-letter-spacing);\">DEVOLUCIONS<\/b><\/div>\n<div style=\"text-align: justify;\"><span style=\"background-color: rgba(255, 255, 255, 0); color: var(--body_typography-color); font-family: var(--body_typography-font-family); font-size: var(--body_typography-font-size); font-style: var(--body_typography-font-style,normal); font-weight: var(--body_typography-font-weight); letter-spacing: var(--body_typography-letter-spacing);\">El client t\u00e9 el dret a retornar la mercaderia en un termini de 7 dies. Ha de comunicar la intenci\u00f3 de formalitzar la devoluci\u00f3 dins d\u2019aquest termini mitjan\u00e7ant un e-mail a lucia@canmarles.com. Una vegada comprovat el correcte estat de la comanda, ser\u00e0 retornant el preu abonat. Si a la recepci\u00f3 del producte aquest no es troba en les mateixes condicions d&#8217;embalatge, les despeses d\u2019enviament seran a c\u00e0rrec del client, per\u00f2 el preu retornat ser\u00e0 inferior, d\u2019acord amb la depreciaci\u00f3 soferta pel producte.<\/span><\/div>\n<div> <\/div>\n<div style=\"text-align: justify;\"><b style=\"background-color: rgba(255, 255, 255, 0); color: var(--body_typography-color); font-family: var(--body_typography-font-family); font-size: var(--body_typography-font-size); font-style: var(--body_typography-font-style,normal); letter-spacing: var(--body_typography-letter-spacing);\">LEGISLACI\u00d3<\/b><\/div>\n<div style=\"text-align: justify;\"><span style=\"background-color: rgba(255, 255, 255, 0); color: var(--body_typography-color); font-family: var(--body_typography-font-family); font-size: var(--body_typography-font-size); font-style: var(--body_typography-font-style,normal); font-weight: var(--body_typography-font-weight); letter-spacing: var(--body_typography-letter-spacing);\">Les vendes a dist\u00e0ncia estan regulades per les lleis 7\/1996 d\u2019Ordenaci\u00f3 del Comer\u00e7 Minorista, modificat per la llei 47\/2002 que l\u2019ajusta a la Directiva Europea 97\/7\/CE. El tractament de dades s\u2019ajusta a la llei 15\/1999 de protecci\u00f3 de Dades de Car\u00e0cter Personal.<\/span><\/div><\/p>\n<\/div><div class=\"fusion-clearfix\"><\/div><\/div><\/div><\/div><\/div>\n","protected":false},"excerpt":{"rendered":"","protected":false},"author":1,"featured_media":0,"parent":0,"menu_order":0,"comment_status":"closed","ping_status":"closed","template":"","meta":{"footnotes":""},"class_list":["post-2699","page","type-page","status-publish","hentry"],"yoast_head":"<!-- This site is optimized with the Yoast SEO plugin v27.3 - https:\/\/yoast.com\/product\/yoast-seo-wordpress\/ -->\n<title>Condicions de venda - Can Marl\u00e8s<\/title>\n<meta name=\"robots\" content=\"index, follow, max-snippet:-1, max-image-preview:large, max-video-preview:-1\" \/>\n<link rel=\"canonical\" href=\"https:\/\/canmarles.com\/ca\/condicions-de-venda\/\" \/>\n<meta property=\"og:locale\" content=\"ca_ES\" \/>\n<meta property=\"og:type\" content=\"article\" \/>\n<meta property=\"og:title\" content=\"Condicions de venda - Can Marl\u00e8s\" \/>\n<meta property=\"og:url\" content=\"https:\/\/canmarles.com\/ca\/condicions-de-venda\/\" \/>\n<meta property=\"og:site_name\" content=\"Can Marl\u00e8s\" \/>\n<meta property=\"article:publisher\" content=\"https:\/\/www.facebook.com\/bodegacanmarles\/\" \/>\n<meta property=\"article:modified_time\" content=\"2022-04-23T14:54:26+00:00\" \/>\n<meta name=\"twitter:card\" content=\"summary_large_image\" \/>\n<meta name=\"twitter:site\" content=\"@bodegacanmarles\" \/>\n<meta name=\"twitter:label1\" content=\"Temps estimat de lectura\" \/>\n\t<meta name=\"twitter:data1\" content=\"4 minuts\" \/>\n<script type=\"application\/ld+json\" class=\"yoast-schema-graph\">{\"@context\":\"https:\\\/\\\/schema.org\",\"@graph\":[{\"@type\":\"WebPage\",\"@id\":\"https:\\\/\\\/canmarles.com\\\/ca\\\/condicions-de-venda\\\/\",\"url\":\"https:\\\/\\\/canmarles.com\\\/ca\\\/condicions-de-venda\\\/\",\"name\":\"Condicions de venda - Can Marl\u00e8s\",\"isPartOf\":{\"@id\":\"https:\\\/\\\/canmarles.com\\\/ca\\\/#website\"},\"datePublished\":\"2020-04-05T19:43:11+00:00\",\"dateModified\":\"2022-04-23T14:54:26+00:00\",\"breadcrumb\":{\"@id\":\"https:\\\/\\\/canmarles.com\\\/ca\\\/condicions-de-venda\\\/#breadcrumb\"},\"inLanguage\":\"ca\",\"potentialAction\":[{\"@type\":\"ReadAction\",\"target\":[\"https:\\\/\\\/canmarles.com\\\/ca\\\/condicions-de-venda\\\/\"]}]},{\"@type\":\"BreadcrumbList\",\"@id\":\"https:\\\/\\\/canmarles.com\\\/ca\\\/condicions-de-venda\\\/#breadcrumb\",\"itemListElement\":[{\"@type\":\"ListItem\",\"position\":1,\"name\":\"Portada\",\"item\":\"https:\\\/\\\/canmarles.com\\\/ca\\\/inici\\\/\"},{\"@type\":\"ListItem\",\"position\":2,\"name\":\"Condicions de venda\"}]},{\"@type\":\"WebSite\",\"@id\":\"https:\\\/\\\/canmarles.com\\\/ca\\\/#website\",\"url\":\"https:\\\/\\\/canmarles.com\\\/ca\\\/\",\"name\":\"Can Marl\u00e8s\",\"description\":\"Celler i Enoturisme\",\"publisher\":{\"@id\":\"https:\\\/\\\/canmarles.com\\\/ca\\\/#organization\"},\"potentialAction\":[{\"@type\":\"SearchAction\",\"target\":{\"@type\":\"EntryPoint\",\"urlTemplate\":\"https:\\\/\\\/canmarles.com\\\/ca\\\/?s={search_term_string}\"},\"query-input\":{\"@type\":\"PropertyValueSpecification\",\"valueRequired\":true,\"valueName\":\"search_term_string\"}}],\"inLanguage\":\"ca\"},{\"@type\":\"Organization\",\"@id\":\"https:\\\/\\\/canmarles.com\\\/ca\\\/#organization\",\"name\":\"Can Marl\u00e8s\",\"url\":\"https:\\\/\\\/canmarles.com\\\/ca\\\/\",\"logo\":{\"@type\":\"ImageObject\",\"inLanguage\":\"ca\",\"@id\":\"https:\\\/\\\/canmarles.com\\\/ca\\\/#\\\/schema\\\/logo\\\/image\\\/\",\"url\":\"https:\\\/\\\/canmarles.com\\\/wp-content\\\/uploads\\\/2020\\\/03\\\/logoHeader_Big-e1583925821624.png\",\"contentUrl\":\"https:\\\/\\\/canmarles.com\\\/wp-content\\\/uploads\\\/2020\\\/03\\\/logoHeader_Big-e1583925821624.png\",\"width\":251,\"height\":35,\"caption\":\"Can Marl\u00e8s\"},\"image\":{\"@id\":\"https:\\\/\\\/canmarles.com\\\/ca\\\/#\\\/schema\\\/logo\\\/image\\\/\"},\"sameAs\":[\"https:\\\/\\\/www.facebook.com\\\/bodegacanmarles\\\/\",\"https:\\\/\\\/x.com\\\/bodegacanmarles\",\"https:\\\/\\\/www.instagram.com\\\/bodegacanmarles\\\/\"]}]}<\/script>\n<!-- \/ Yoast SEO plugin. -->","yoast_head_json":{"title":"Condicions de venda - Can Marl\u00e8s","robots":{"index":"index","follow":"follow","max-snippet":"max-snippet:-1","max-image-preview":"max-image-preview:large","max-video-preview":"max-video-preview:-1"},"canonical":"https:\/\/canmarles.com\/ca\/condicions-de-venda\/","og_locale":"ca_ES","og_type":"article","og_title":"Condicions de venda - Can Marl\u00e8s","og_url":"https:\/\/canmarles.com\/ca\/condicions-de-venda\/","og_site_name":"Can Marl\u00e8s","article_publisher":"https:\/\/www.facebook.com\/bodegacanmarles\/","article_modified_time":"2022-04-23T14:54:26+00:00","twitter_card":"summary_large_image","twitter_site":"@bodegacanmarles","twitter_misc":{"Temps estimat de lectura":"4 minuts"},"schema":{"@context":"https:\/\/schema.org","@graph":[{"@type":"WebPage","@id":"https:\/\/canmarles.com\/ca\/condicions-de-venda\/","url":"https:\/\/canmarles.com\/ca\/condicions-de-venda\/","name":"Condicions de venda - Can Marl\u00e8s","isPartOf":{"@id":"https:\/\/canmarles.com\/ca\/#website"},"datePublished":"2020-04-05T19:43:11+00:00","dateModified":"2022-04-23T14:54:26+00:00","breadcrumb":{"@id":"https:\/\/canmarles.com\/ca\/condicions-de-venda\/#breadcrumb"},"inLanguage":"ca","potentialAction":[{"@type":"ReadAction","target":["https:\/\/canmarles.com\/ca\/condicions-de-venda\/"]}]},{"@type":"BreadcrumbList","@id":"https:\/\/canmarles.com\/ca\/condicions-de-venda\/#breadcrumb","itemListElement":[{"@type":"ListItem","position":1,"name":"Portada","item":"https:\/\/canmarles.com\/ca\/inici\/"},{"@type":"ListItem","position":2,"name":"Condicions de venda"}]},{"@type":"WebSite","@id":"https:\/\/canmarles.com\/ca\/#website","url":"https:\/\/canmarles.com\/ca\/","name":"Can Marl\u00e8s","description":"Celler i Enoturisme","publisher":{"@id":"https:\/\/canmarles.com\/ca\/#organization"},"potentialAction":[{"@type":"SearchAction","target":{"@type":"EntryPoint","urlTemplate":"https:\/\/canmarles.com\/ca\/?s={search_term_string}"},"query-input":{"@type":"PropertyValueSpecification","valueRequired":true,"valueName":"search_term_string"}}],"inLanguage":"ca"},{"@type":"Organization","@id":"https:\/\/canmarles.com\/ca\/#organization","name":"Can Marl\u00e8s","url":"https:\/\/canmarles.com\/ca\/","logo":{"@type":"ImageObject","inLanguage":"ca","@id":"https:\/\/canmarles.com\/ca\/#\/schema\/logo\/image\/","url":"https:\/\/canmarles.com\/wp-content\/uploads\/2020\/03\/logoHeader_Big-e1583925821624.png","contentUrl":"https:\/\/canmarles.com\/wp-content\/uploads\/2020\/03\/logoHeader_Big-e1583925821624.png","width":251,"height":35,"caption":"Can Marl\u00e8s"},"image":{"@id":"https:\/\/canmarles.com\/ca\/#\/schema\/logo\/image\/"},"sameAs":["https:\/\/www.facebook.com\/bodegacanmarles\/","https:\/\/x.com\/bodegacanmarles","https:\/\/www.instagram.com\/bodegacanmarles\/"]}]}},"jetpack_sharing_enabled":true,"_links":{"self":[{"href":"https:\/\/canmarles.com\/ca\/wp-json\/wp\/v2\/pages\/2699","targetHints":{"allow":["GET"]}}],"collection":[{"href":"https:\/\/canmarles.com\/ca\/wp-json\/wp\/v2\/pages"}],"about":[{"href":"https:\/\/canmarles.com\/ca\/wp-json\/wp\/v2\/types\/page"}],"author":[{"embeddable":true,"href":"https:\/\/canmarles.com\/ca\/wp-json\/wp\/v2\/users\/1"}],"replies":[{"embeddable":true,"href":"https:\/\/canmarles.com\/ca\/wp-json\/wp\/v2\/comments?post=2699"}],"version-history":[{"count":6,"href":"https:\/\/canmarles.com\/ca\/wp-json\/wp\/v2\/pages\/2699\/revisions"}],"predecessor-version":[{"id":6853,"href":"https:\/\/canmarles.com\/ca\/wp-json\/wp\/v2\/pages\/2699\/revisions\/6853"}],"wp:attachment":[{"href":"https:\/\/canmarles.com\/ca\/wp-json\/wp\/v2\/media?parent=2699"}],"curies":[{"name":"wp","href":"https:\/\/api.w.org\/{rel}","templated":true}]}}